{"id":3232,"date":"2025-12-31T17:03:30","date_gmt":"2025-12-31T16:03:30","guid":{"rendered":"https:\/\/sfecag.org\/?page_id=3232"},"modified":"2025-12-31T17:03:30","modified_gmt":"2025-12-31T16:03:30","slug":"sommaire-2025","status":"publish","type":"page","link":"https:\/\/sfecag.org\/index.php\/sommaire-2025\/","title":{"rendered":"Sommaire 2025"},"content":{"rendered":"<table>\n<tbody>\n<tr>\n<td><strong><span style=\"font-size: 20px;\"><img loading=\"lazy\" decoding=\"async\" class=\"alignnone wp-image-3228\" src=\"http:\/\/sfecag.org\/wp-content\/uploads\/2025\/12\/couv2025-201x300.png\" alt=\"\" width=\"123\" height=\"184\" srcset=\"https:\/\/sfecag.org\/wp-content\/uploads\/2025\/12\/couv2025-201x300.png 201w, https:\/\/sfecag.org\/wp-content\/uploads\/2025\/12\/couv2025-686x1024.png 686w, https:\/\/sfecag.org\/wp-content\/uploads\/2025\/12\/couv2025-768x1147.png 768w, https:\/\/sfecag.org\/wp-content\/uploads\/2025\/12\/couv2025-1028x1536.png 1028w, https:\/\/sfecag.org\/wp-content\/uploads\/2025\/12\/couv2025-1371x2048.png 1371w, https:\/\/sfecag.org\/wp-content\/uploads\/2025\/12\/couv2025-181x270.png 181w, https:\/\/sfecag.org\/wp-content\/uploads\/2025\/12\/couv2025-scaled.png 1714w\" sizes=\"auto, (max-width: 123px) 100vw, 123px\" \/>\u00a0 ACTES DU CONGR\u00c8S DE BRUXELLES, 2025<\/span><\/strong><\/p>\n<div>\n<p><strong><span style=\"font-size: 14pt;\">1. La c\u00e9ramique de l\u2019Antiquit\u00e9 tardive dans le nord de la Gaule (IIIe-IVe\/VIe si\u00e8cles)<\/span><\/strong><\/p>\n<p><span style=\"font-size: 10pt;\">\u2013 S. WILLEMS, J. DODD : Crise, quelle crise ? Aborder la question des changements du IIIe si\u00e8cle par les \u00e9tudes c\u00e9ramologiques. Le r\u00f4le des faci\u00e8s c\u00e9ramiques locaux et r\u00e9gionaux<br \/>\n<\/span><span style=\"font-size: 10pt;\">\u2013 M. MARTENS, T. DEBRUYNE : A Regionally Oriented Community : An Interdisciplinary Analysis of 3rd-Century Ceramics from Daily Life, Ritual and Funerary Contexts<br \/>\n\u2013 A. VANDERHOEVEN, P. VAN OSSEL : Tongres durant l\u2019Antiquit\u00e9 tardive. Approche compar\u00e9e des monnaies et des d\u00e9cors \u00e0 la molette sur sigill\u00e9e d\u2019Argonne<br \/>\n\u2013 F. HANUT, H. FOCK, \u00c9. GOEMAERE, C. GOFFIOUL, P. VAN OSSEL, V. VAN THIENEN : La consommation c\u00e9ramique de l\u2019\u00e9tablissement rural germanique de Baelen \u00ab Nereth \u00bb (province de Li\u00e8ge, Belgique)<br \/>\n\u2013 L. GRUNWALD, F. HEIMERL : La c\u00e9ramique des Thermes imp\u00e9riaux de Tr\u00e8ves et le long Ve si\u00e8cle \u2013 une \u00e9valuation de la datation \u00e0 l\u2019aide du nouveau sch\u00e9ma chronologique de Mayen<br \/>\n\u2013 F. HEIMERL, L. BL\u00d6CK : C\u00e9ramique de la fin de l\u2019Antiquit\u00e9 et du Moyen \u00c2ge provenant de terres noires : une \u00e9tude de cas \u00e0 Bitburg (Rh\u00e9nanie-Palatinat)<br \/>\n\u2013 S. VANHOUTTE, R. BRULET : La c\u00e9ramique de l\u2019Eifel du fort romain tardif d\u2019Oudenburg (Flandre Occidentale, Belgique)<br \/>\n\u2013 V. VAN THIENEN, W. DE CLERCQ, E. GOEMAERE : Des p\u00e2tes \u00ab super-diversifi\u00e9es \u00bb : l\u2019analyse p\u00e9trographique de la c\u00e9ramique non tourn\u00e9e germanique en Gaule septentrionale comme m\u00e9thode cl\u00e9 pour l\u2019\u00e9tude de la mobilit\u00e9 au Bas-Empire<br \/>\n\u2013 D. HENROTAY, M. HORVILLER, S. FETTER, O. COLETTE : D\u00e9couverte d\u2019un atelier de production de c\u00e9ramique commune en p\u00e2te \u00e0 d\u00e9graissant coquillier \u00e0 Virton\/Saint-Mard (Belgique)<br \/>\n\u2013 R. BRULET, E. WEINKAUF : La c\u00e9ramique commune de l\u2019Antiquit\u00e9 tardive \u00e0 Tournai ;<br \/>\n\u2013 L. PASTOR, avec la collab. d\u2019A. Sarrazin et J.-P. L\u00e9mant : Le mobilier c\u00e9ramique de la n\u00e9cropole de Saint-Julien \u00e0 Charleville-M\u00e9zi\u00e8res (Ardennes) : reprise de la documentation pour une mise en contexte r\u00e9gional<br \/>\n\u2013 F. HANUT, \u00c9. DELAUNOIS, N. MEES, E. GOEMAERE : D\u00e9couverte d\u2019une production c\u00e9ramique du IIIe si\u00e8cle dans l\u2019agglom\u00e9ration antique de Taviers (commune d\u2019Eghez\u00e9e, province de Namur, Belgique) ; J. FLAHAUT : C\u00e9ramiques britanniques en contextes fun\u00e9raires \u00e0 Boulogne-sur-Mer entre 250-260 et 380-410<br \/>\n\u2013 V. VAN THIENEN, M. BR\u00dcGGLER, E. GOEMAERE : La c\u00e9ramique non tourn\u00e9e du Ve si\u00e8cle \u00e0 Weeze-Knappheide (Rh\u00e9nanie-du-Nord-Westphalie, Allemagne)<br \/>\n\u2013 R.C.A. GEERTS : Throwing Traditions. Changes in pottery production in the Late Roman period in Germania Secunda<br \/>\n<\/span>\u2013<span style=\"font-size: 14px;\"> <em>\u00c9l\u00e9ments de synth\u00e8se sur \u00ab La c\u00e9ramique de l\u2019Antiquit\u00e9 tardive dans le nord de la Gaule (IIIe-IVe\/VIe si\u00e8cles).<\/em><br \/>\n<\/span><\/p>\n<p><strong>2. Actualit\u00e9 des recherches c\u00e9ramiques<\/strong><\/p>\n<div><span style=\"font-size: 10pt;\">\u2013 A. CORSIEZ, S. ROBELOT : Des potiers et des poti\u00e8res \u00e0 Ostricourt (Nord) : pr\u00e9sentation des fours et de leur production<br \/>\n\u2013 \u00c9. AFONSO-LOPES, D. BOUTTEAU, V. MERKENBREACK, J. CADART : Une nouvelle officine de potiers au sein de l\u2019antique Tervanna, \u00e0 Saint-Augustin (Pas-de-Calais)<br \/>\n\u2013 P. MATHELART : Une production particuli\u00e8re du flanc m\u00e9ridional du massif ardennais : les grandes cruches et pots \u00e0 provisions du groupe de p\u00e2tes de \u00ab Ville-sur-Lumes \u00bb<br \/>\n\u2013 T. GUYARD : Conjux IV : production et datation d\u2019un atelier de potiers sur les rives du lac du Bourget (Savoie)<br \/>\n\u2013 C. BARTH\u00c9LEMY-SYLVAND, D. B\u00c9RANGER : Les amphores du site de Marlet \u00e0 Serri\u00e8res (Ard\u00e8che)<br \/>\n\u2013 C. BEBIEN DABEK, S. VAUTHIER : Brumath (Bas-Rhin) \u2013 3 rue du Coll\u00e8ge, l\u2019essor d\u2019un quartier de la capitale des Triboques sous influence au Ier si\u00e8cle de notre \u00e8re<br \/>\n\u2013 D. DJAOUI : D\u00e9couverte d\u2019un crat\u00e8re associ\u00e9 au vin amin\u00e9 des Cavares : fouilles du d\u00e9potoir Arles-Rh\u00f4ne 3 (70-130 apr. J.-C.). Un culte du Dionysos \u00ab chtonien \u00bb sur le port d\u2019Arles ?<br \/>\n\u2013 R. DELAGE, K. PR\u00caTRE : \u00c0 propos des c\u00e9ramiques en usage \u00e0 Vannes (Morbihan) au cours des ann\u00e9es 60-120 et du comblement singulier d\u2019un puits. La fouille du 13-15 rue des Quatre Fr\u00e8res Cr\u00e9ac\u2019h<br \/>\n\u2013 A. MALIGNAS : C\u00e9ramiques et histoire d\u2019une famille de Pomp\u00e9i<br \/>\n\u2013 K. JARDEL, A. BOCQUET-LI\u00c9NARD, avec la collab. de C. Trouverie : Un atelier de potiers du Ier si\u00e8cle d\u00e9couvert \u00e0 Aregenua (Vieux, Calvados)<br \/>\n\u2013 V. VIQUESNEL-SCHLOSSER, J. FLAHAUT, D. MAR\u00c9CHAL : La typologie des c\u00e9ramiques de Montescourt-Lizerolles (Aisne) du Ier au IVe si\u00e8cle<br \/>\n\u2013 E. HUMBERT : L\u2019atelier de potiers de La Sarra \u00e0 Lyon (Rh\u00f4ne) : c\u00e9ramiques communes et creusets de c\u00e9mentation<br \/>\n\u2013 M.-A. THIERRY, D. CHAMPEAUX, H. DELHOOFS, A. LAMBART : Chantenay-Saint-Imbert (Ni\u00e8vre) : nouvelles donn\u00e9es sur un atelier de potiers du Haut-Empire. Pr\u00e9sentation des structures artisanales et de la production c\u00e9ramique<br \/>\n\u2013 E. HUMBERT, A. CARBONE, T. SILVINO : Comme un coq en p\u00e2te (calcaire) : au sujet de deux objets aviformes d\u00e9couverts \u00e0 Annecy (Haute-Savoie)<br \/>\n\u2013 A. PILON : Des poubelles et des Hommes : les rejets domestiques et cultuels de c\u00e9ramiques dans quelques puits de l\u2019agglom\u00e9ration antique de Ch\u00e2teaubleau (Seine-et-Marne)<br \/>\n\u2013 Julie KAUFMANN : Mobilier c\u00e9ramique du premier tiers du Ier si\u00e8cle apr. J.-C. provenant d\u2019un contexte d\u2019Aregenua (Vieux, Calvados)<br \/>\n\u2013 P. MATHELART, P. ROLLET : Un dispositif de cuisson atypique d\u00e9couvert \u00e0 Durocortorum\/Reims<br \/>\n\u2013 A. MEES, F.\u00a0 THIERY, M. DANAU : Marketing diff\u00e9rentiel de la c\u00e9ramique sigill\u00e9e d\u00e9cor\u00e9e ? Analyses de diffusion bas\u00e9es sur la mod\u00e9lisation s\u00e9mantique des correspondances g\u00e9om\u00e9triques entre motifs ou des attributions stylistiques<br \/>\n\u2013 F. SARRESTE, \u00c9. JAFFROT, M.-A. THIERRY, C. GENIES : L\u2019atelier de potiers et de tuiliers oriental de la villa de Roull\u00e9e\/La Selle \u00e0 Mont-Saint-Jean (Sarthe) : premi\u00e8res observations<br \/>\n\u2013 S. LINGER-RIQUIER, S. FACCHINETTI : Un nouvel exemple de production c\u00e9ramique : un four de potiers august\u00e9en et ses productions \u00e0 Charenton-du-Cher (Cher).<\/span><\/div>\n<\/div>\n<p><em>Un volume au format 21 x 29.7, 520 p., cahiers cousus et quadrichromie : 56 \u20ac\u20ac(+ frais de port) ; ISBN 978-2-9579916-4-8<\/em><\/td>\n<\/tr>\n<\/tbody>\n<\/table>\n<p>&nbsp;<\/p>\n","protected":false},"excerpt":{"rendered":"<p>\u00a0 ACTES DU CONGR\u00c8S DE BRUXELLES, 2025 1. La c\u00e9ramique de l\u2019Antiquit\u00e9 tardive dans le nord de la Gaule (IIIe-IVe\/VIe si\u00e8cles) \u2013 S. WILLEMS, J. DODD : Crise, quelle crise ? Aborder la question des changements du IIIe si\u00e8cle par les \u00e9tudes c\u00e9ramologiques. Le r\u00f4le des faci\u00e8s c\u00e9ramiques locaux et r\u00e9gionaux \u2013 M. MARTENS, T. [&hellip;]<\/p>\n","protected":false},"author":1,"featured_media":0,"parent":0,"menu_order":0,"comment_status":"closed","ping_status":"closed","template":"","meta":{"footnotes":""},"class_list":["post-3232","page","type-page","status-publish","hentry"],"_links":{"self":[{"href":"https:\/\/sfecag.org\/index.php\/wp-json\/wp\/v2\/pages\/3232","targetHints":{"allow":["GET"]}}],"collection":[{"href":"https:\/\/sfecag.org\/index.php\/wp-json\/wp\/v2\/pages"}],"about":[{"href":"https:\/\/sfecag.org\/index.php\/wp-json\/wp\/v2\/types\/page"}],"author":[{"embeddable":true,"href":"https:\/\/sfecag.org\/index.php\/wp-json\/wp\/v2\/users\/1"}],"replies":[{"embeddable":true,"href":"https:\/\/sfecag.org\/index.php\/wp-json\/wp\/v2\/comments?post=3232"}],"version-history":[{"count":2,"href":"https:\/\/sfecag.org\/index.php\/wp-json\/wp\/v2\/pages\/3232\/revisions"}],"predecessor-version":[{"id":3235,"href":"https:\/\/sfecag.org\/index.php\/wp-json\/wp\/v2\/pages\/3232\/revisions\/3235"}],"wp:attachment":[{"href":"https:\/\/sfecag.org\/index.php\/wp-json\/wp\/v2\/media?parent=3232"}],"curies":[{"name":"wp","href":"https:\/\/api.w.org\/{rel}","templated":true}]}}