{"id":392,"date":"2018-12-26T09:16:11","date_gmt":"2018-12-26T08:16:11","guid":{"rendered":"http:\/\/sfecag.org\/?page_id=392"},"modified":"2025-12-31T11:18:08","modified_gmt":"2025-12-31T10:18:08","slug":"programme","status":"publish","type":"page","link":"https:\/\/sfecag.org\/index.php\/congres-de-reims\/programme\/","title":{"rendered":"Appel \u00e0 communications 2026"},"content":{"rendered":"<p><span style=\"color: #ba3843;\"><strong><span style=\"font-size: 20px;\">Programme d\u00e9taill\u00e9 \u00e0 venir<\/span><\/strong><\/span><\/p>\n<hr \/>\n<p style=\"text-align: justify;\"><span style=\"font-size: 20px;\">* <strong>Appel \u00e0 communications<\/strong><\/span><\/p>\n<p style=\"text-align: justify;\"><span style=\"font-size: 20px;\"><span style=\"color: #ba3843;\"><strong>Th\u00e8me g\u00e9n\u00e9ral<\/strong> <\/span>:<br \/>\n\u00ab <strong><em>Actualit\u00e9 des recherches c\u00e9ramiques en Gaule et dans les provinces limitrophes<\/em><\/strong> \u00bb<\/span><\/p>\n<p style=\"text-align: justify;\">r\u00e9sultats issus de recherches de terrain, travaux universitaires achev\u00e9s, informations renouvelant les acquis sur les c\u00e9ramiques, synth\u00e8ses sur telles ou telles cat\u00e9gories de c\u00e9ramiques, etc. Une place est toujours r\u00e9serv\u00e9e \u00e0 des communications ayant trait \u00e0 la m\u00e9thodologie. Les communications (20 mn + 10 mn de discussion) devront \u00eatre d\u2019un <strong>caract\u00e8re original et in\u00e9dit<\/strong> ; des interventions plus courtes sont \u00e9galement les bienvenues.<\/p>\n<p style=\"text-align: justify;\"><strong>Comit\u00e9 scientifique<\/strong> : Conseil d&rsquo;Administration de la Sf\u00e9cag<\/p>\n<p style=\"text-align: justify;\">Les propositions de communications doivent \u00eatre adress\u00e9es <span style=\"color: #ff0000;\"><strong>le plus rapidement possible et imp\u00e9rativement avant la <\/strong><\/span><span style=\"color: #ff0000;\"><strong>date limite de r\u00e9ception : <span style=\"text-decoration: underline;\">mercredi 28 janvier 2026<\/span><\/strong><\/span>, au si\u00e8ge de la Sf\u00e9cag, si possible par voie postale. Les personnes souhaitant pr\u00e9senter un <strong>poster<\/strong> doivent \u00e9galement contacter la Sf\u00e9cag <strong>dans les m\u00eames conditions.<\/strong><br \/>\nLes communications et les posters retenus seront inscrits dans le programme qui sera diffus\u00e9 vers la mi-mars, les auteurs s\u2019engageant \u00e0 rendre un manuscrit, pour parution dans les Actes, dans des d\u00e9lais tr\u00e8s courts (<strong>avant le 15 septembre 2026<\/strong>).<\/p>\n<hr \/>\n<p style=\"text-align: justify;\"><span style=\"font-size: 20px;\"><span style=\"color: #ba3843;\"> <strong>Th\u00e8me r\u00e9gional<\/strong><\/span> : clos<br \/>\n\u00ab\u00a0<\/span><span style=\"font-size: 16px;\"><span style=\"font-size: 20px;\"><strong>La c\u00e9ramique de l\u2019Antiquit\u00e9 tardive dans le sud de la Gaule (III<sup>e<\/sup> -Ve si\u00e8cles) \u00bb<\/strong><\/span><br \/>\n<\/span><\/p>\n<p style=\"text-align: justify;\">Avec des communications et des posters \u00e9manant de chercheurs travaillant dans tout le sud de la Gaule, des Alpes \u00e0 l\u2019Atlantique, ce th\u00e8me qui s\u2019inscrit dans la continuit\u00e9 du congr\u00e8s de Bruxelles (2025) sera l\u2019occasion de pr\u00e9senter des contextes in\u00e9dits et des synth\u00e8ses sur cette p\u00e9riode encore insuffisamment document\u00e9e dans la r\u00e9gion.<\/p>\n<p style=\"text-align: justify;\"><span style=\"font-size: 16px;\"><strong>Comit\u00e9 scientifique<\/strong> : S\u00e9bastien Barberan (Inrap Midi M\u00e9diterran\u00e9e, UMR7299 CCJ), Benoit Favennec (Inrap Midi M\u00e9diterran\u00e9e, UMR5140 ASM), Guillaume Duperron (UMR5140 ASM), Elsa Rocca (Universit\u00e9 Paul Val\u00e9ry Montpellier, UMR5140 ASM), Vanessa Elizagoyen (Inrap Nouvelle Aquitaine Outre mer, UMR5607 Ausonius), Amaury Gilles (Archeodunum, UMR 5138 ArAr), C\u00e9line Huguet (Service Arch\u00e9ologique d\u2019Aix-en-Provence, UMR7299 CCJ) et Pierre Marty (Inrap Midi M\u00e9diterran\u00e9e, UMR5608 TRACES).<span style=\"text-decoration: underline;\"><br \/>\n<\/span><strong>La liste des communications et des postes du th\u00e8me r\u00e9gional est close.<\/strong><\/span><\/p>\n<p style=\"text-align: justify;\">\n","protected":false},"excerpt":{"rendered":"<p>Programme d\u00e9taill\u00e9 \u00e0 venir * Appel \u00e0 communications Th\u00e8me g\u00e9n\u00e9ral : \u00ab Actualit\u00e9 des recherches c\u00e9ramiques en Gaule et dans les provinces limitrophes \u00bb r\u00e9sultats issus de recherches de terrain, travaux universitaires achev\u00e9s, informations renouvelant les acquis sur les c\u00e9ramiques, synth\u00e8ses sur telles ou telles cat\u00e9gories de c\u00e9ramiques, etc. Une place est toujours r\u00e9serv\u00e9e \u00e0 [&hellip;]<\/p>\n","protected":false},"author":1,"featured_media":0,"parent":147,"menu_order":0,"comment_status":"closed","ping_status":"closed","template":"","meta":{"footnotes":""},"class_list":["post-392","page","type-page","status-publish","hentry"],"_links":{"self":[{"href":"https:\/\/sfecag.org\/index.php\/wp-json\/wp\/v2\/pages\/392","targetHints":{"allow":["GET"]}}],"collection":[{"href":"https:\/\/sfecag.org\/index.php\/wp-json\/wp\/v2\/pages"}],"about":[{"href":"https:\/\/sfecag.org\/index.php\/wp-json\/wp\/v2\/types\/page"}],"author":[{"embeddable":true,"href":"https:\/\/sfecag.org\/index.php\/wp-json\/wp\/v2\/users\/1"}],"replies":[{"embeddable":true,"href":"https:\/\/sfecag.org\/index.php\/wp-json\/wp\/v2\/comments?post=392"}],"version-history":[{"count":11,"href":"https:\/\/sfecag.org\/index.php\/wp-json\/wp\/v2\/pages\/392\/revisions"}],"predecessor-version":[{"id":3191,"href":"https:\/\/sfecag.org\/index.php\/wp-json\/wp\/v2\/pages\/392\/revisions\/3191"}],"up":[{"embeddable":true,"href":"https:\/\/sfecag.org\/index.php\/wp-json\/wp\/v2\/pages\/147"}],"wp:attachment":[{"href":"https:\/\/sfecag.org\/index.php\/wp-json\/wp\/v2\/media?parent=392"}],"curies":[{"name":"wp","href":"https:\/\/api.w.org\/{rel}","templated":true}]}}