{"id":428,"date":"2018-12-26T19:11:53","date_gmt":"2018-12-26T18:11:53","guid":{"rendered":"http:\/\/sfecag.org\/?page_id=428"},"modified":"2024-12-31T19:21:40","modified_gmt":"2024-12-31T18:21:40","slug":"voyage-en-ceramologie","status":"publish","type":"page","link":"https:\/\/sfecag.org\/index.php\/voyage-en-ceramologie\/","title":{"rendered":"Voyage en c\u00e9ramologie"},"content":{"rendered":"<p class=\"Style27\"><span style=\"font-family: Trebuchet MS; font-size: 20px;\"><strong>Voyage en c\u00e9ramologie et dans le monde de l&rsquo;arch\u00e9ologie<\/strong> <\/span><\/p>\n<ul>\n<li class=\"Style21\"><span style=\"font-size: 16px;\"><a href=\"http:\/\/www.lezoux.com\/\" target=\"_blank\" rel=\"noopener\">Arch\u00e9ologie <\/a><a href=\"http:\/\/www.lezoux.com\">\u00e0<\/a><a href=\"http:\/\/www.lezoux.com\/\"> Lezoux<\/a> <span style=\"color: #000000;\">: d\u00e9di\u00e9 aux sigill\u00e9es du centre de la Gaule<\/span><\/span><\/li>\n<li class=\"Style21\"><span style=\"font-size: 16px;\"><a href=\"http:\/\/potsherd.net\/atlas\/potsherd\" target=\"_blank\" rel=\"noopener\">C\u00e9ramiques en Grande-Bretagne<\/a><\/span><\/li>\n<li class=\"Style21\"><span style=\"font-size: 16px;\"><a href=\"http:\/\/galliabelgica.free.fr\/accueil.htm\" target=\"_blank\" rel=\"noopener\">Arch\u00e9ologie dans le nord de la Gaule<\/a><\/span><\/li>\n<li class=\"Style21\"><span style=\"font-size: 16px;\"><a class=\"Style29\" href=\"http:\/\/www.graufesenque.com\" target=\"_blank\" rel=\"noopener\">La Graufesenque<\/a><\/span><\/li>\n<li class=\"Style21\"><span style=\"font-size: 16px;\"><a href=\"http:\/\/cathma.ass.free.fr\/\" target=\"_blank\" rel=\"noopener noreferrer\">CATHMA (C\u00e9ramiques de l&rsquo;Antiquit\u00e9 tardive et du Haut Moyen \u00c2ge)<\/a> : compte rendu des s\u00e9minaires du groupe de recherches sur les c\u00e9ramiques de l&rsquo;Antiquit\u00e9 tardive et du Haut Moyen \u00c2ge<\/span><\/li>\n<li class=\"Style21\"><span style=\"font-size: 16px;\"><span style=\"font-size: 16px;\"><a href=\"https:\/\/ceramopole.hypotheses.org\/\" target=\"_blank\" rel=\"noopener\">C\u00e9ramop\u00f4le<\/a> : Programme transversal de c\u00e9ramologie de la Maison M\u00e9diterran\u00e9enne des Sciences de l&rsquo;Homme d&rsquo;Aix-en-Provence<\/span><\/span><\/li>\n<li>Corpus Vasorum Arretinorum (OCK) : Le cdrom de la 2e \u00e9dition a \u00e9t\u00e9 r\u00e9pliqu\u00e9 et est d\u00e9sormais accessible \u00e0 l&rsquo;adresse suivante : <a href=\"https:\/\/ock.dainst.org\/login\">https:\/\/ock.dainst.org\/login<\/a><\/li>\n<li class=\"Style21\"><span style=\"font-size: 16px;\"><span style=\"font-size: 16px;\"><a href=\"http:\/\/www.rgzm.de\/anadecom\" target=\"_blank\" rel=\"noopener\">Bibliography on Roman ceramics<\/a> ; directly to search : <a href=\"http:\/\/www.rgzm.de\/anadecom\/BibliographySearchInput.cfm\" target=\"_blank\" rel=\"noopener\">http:\/\/www.rgzm.de\/anadecom\/BibliographySearchInput.cfm<\/a> : This Website of the the R\u00f6misch-Germanisches Zentralmuseum (RGZM), Mainz (D) comprises a suite of databases concerned with Samian ware, specially of the names on Samian ware. As a result of a co-operation agreement between the Universities of Reading and Leeds together with the R\u00f6misch-Germanisches Zentralmuseum Mainz, the life-long study made by Brian Hartley and Brenda Dickinson of the stamps and signatures on Samian ware will also become available on the database. This work will be published first as a series of books (Institute of Classical Studies, London, from 2008 onwards), and will replace the Index of Potters&rsquo; Stamps (Oswald 1931). <strong>Il inclut \u00e9galement la version informatis\u00e9e de l&rsquo;OCK (OX\u00c9 (A.), COMFORT (H.), KENRICK (P.), <em>Corpus vasorum arretinorum,<\/em> Bonn, DR. Rudolf Habelt Gmbh, 2000, 2nd ed. (Antiquitas 3, 41) et remplace donc le CDrom qui \u00e9tait livr\u00e9 avec l&rsquo;ouvrage papier. Cet outil permet donc de faire des recherches sur les estampilles incompl\u00e8tes<\/strong><\/span><\/span><\/li>\n<li><a href=\"https:\/\/ock.dainst.org\/about\" target=\"_blank\" rel=\"noopener\"><strong><em>Corpus vasorum arretinorum<\/em><\/strong><\/a> : nouvelle \u00e9dition revue et corrig\u00e9e consacr\u00e9e aux estampilles sur sigill\u00e9es italiques<\/li>\n<li class=\"Style21\"><span style=\"font-size: 16px;\"><span style=\"font-size: 16px;\"><a href=\"https:\/\/www1.rgzm.de\/samian\/home\/frames.htm\" target=\"_blank\" rel=\"noopener\">Roman Pottery in the Tongeren reference collection<\/a> ; collection de r\u00e9f\u00e9rence du Mus\u00e9e de Tongres<\/span><\/span><\/li>\n<li class=\"Style21\"><span style=\"font-size: 16px;\">Study Group for Roman Pottery On-Line Bibliography<\/span><br \/>\n<span style=\"font-size: 16px;\"><span style=\"font-size: 16px;\">Depuis 1986, le Study Group for Roman Pottery a r\u00e9dig\u00e9 une bibliographie de publications portant sur la c\u00e9ramique antique. Cette bibliographie est apparue dans le journal du groupe, <em>Journal of Roman Pottery Studies<\/em>, jusqu\u2019au volume 11 (2004), avec la totalit\u00e9 maintenant sur son site internet (<a href=\"http:\/\/www.romanpotterystudy.org\" target=\"_blank\" rel=\"noopener\">www.romanpotterystudy.org<\/a>). Une subvention de English Heritage nous permet d\u00e9sormais de transformer cette information en ressource informatis\u00e9e, organis\u00e9e et h\u00e9berg\u00e9e par ADS (Archaeology Data Service) et accessible \u00e0 travers le lien suivant : <a href=\"http:\/\/archaeologydataservice.ac.uk\/archives\/view\/sgrp_2013\/%20\" target=\"_blank\" rel=\"noopener\">http:\/\/archaeologydataservice.ac.uk\/archives\/view\/sgrp_2013\/<br \/>\n<\/a>Plusieurs champs peuvent \u00eatre recherch\u00e9, mais cette bibliographie reste un outil en cours d\u2019\u00e9laboration, et ainsi des ajouts, des amendements et des am\u00e9liorations sont pr\u00e9vus.<\/span><\/span><\/li>\n<li class=\"Style21\"><span style=\"font-size: 16px;\">Amphores et corpus d&rsquo;\u00e9pigraphie amphorique :<a href=\"http:\/\/ceipac.ub.edu\/\" target=\"_blank\" rel=\"noopener\"> CEIPAC<\/a><\/span><\/li>\n<li><span style=\"font-size: 16px;\">Universit\u00e9 de Southampton : <a href=\"https:\/\/archaeologydataservice.ac.uk\/archives\/view\/amphora_ahrb_2005\/cat_amph.cfm\" target=\"_blank\" rel=\"noopener\">Roman Amphorae : a digital resource<\/a><br \/>\n<\/span><\/li>\n<li class=\"Style21\"><span style=\"font-size: 16px;\">Base de donn\u00e9es des p\u00e2tes d&rsquo;amphores des ateliers en Gaule, du Ier au IIIe si\u00e8cle ap. J.-C. : <a href=\"http:\/\/www.mae.u-paris10.fr\/terresdamphores\/\" target=\"_blank\" rel=\"noopener\">Terres d&rsquo;Amphores<\/a><\/span><\/li>\n<li><a href=\"http:\/\/arscretariae-archeoceramique.blogspot.com\/\" target=\"_blank\" rel=\"noopener\">Ars Cretariae<\/a> : arch\u00e9ologie exp\u00e9rimentale li\u00e9e \u00e0 l&rsquo;artisanat de la c\u00e9ramique (P.-A. Capt)<\/li>\n<li><a href=\"http:\/\/www.lychnology.org\/\" target=\"_blank\" rel=\"noopener\"><em>Association<\/em> Lychnologique <em>Internationale<\/em><\/a><\/li>\n<\/ul>\n<p><span class=\"Style27\" style=\"font-size: 16px;\"><span style=\"font-family: Trebuchet MS;\">Portail<\/span><\/span><\/p>\n<ul>\n<li class=\"Style29\"><span style=\"font-size: 16px;\"><a href=\"http:\/\/www.netvibes.com\/archeodoc#Bibliotheques_et_BDD\" target=\"_blank\" rel=\"noopener\">Portail dynamique \u00ab\u00a0Arch\u00e9ologie du monde m\u00e9diterran\u00e9en\u00a0\u00bb<\/a><\/span><\/li>\n<li><a href=\"http:\/\/www.instrumentum-europe.org\/liens\/\" target=\"_blank\" rel=\"noopener\">INSTRUMENTUM-europe<\/a><\/li>\n<li><a href=\"https:\/\/afaverre.fr\/Afaverre\/lafaverre\/\" target=\"_blank\" rel=\"noopener\">AFAV<\/a><\/li>\n<\/ul>\n<p>Et ailleurs : <a href=\"https:\/\/hypotheses.org\/\" target=\"_blank\" rel=\"noopener\">Les carnets Hypoth\u00e8ses<\/a>, <a href=\"http:\/\/citeres.univ-tours.fr\/?article1252\" target=\"_blank\" rel=\"noopener\">Les Petits Cahiers d&rsquo;Anatole &#8211; CITERES<\/a>, etc.<\/p>\n<div class=\"group hu-pad central-header-zone\">\n<div class=\"logo-tagline-group\">\n<ul style=\"list-style-type: disc;\">\n<li class=\"site-title\"><span style=\"font-size: 16px;\"><a class=\"custom-logo-link\" title=\"Antiquit\u00e9 tardive en Gaule | Page d'accueil\" href=\"https:\/\/ateg.hypotheses.org\/\" target=\"_blank\" rel=\"home noopener\">Antiquit\u00e9 tardive en Gaule &#8211;\u00a0<\/a>Sp\u00e4tantike in Gallien &#8211; Laat-romeinse tijd in Galli\u00eb<\/span><\/li>\n<li class=\"site-title\"><span style=\"font-size: 16px;\"><a href=\"https:\/\/reainfo.hypotheses.org\/23628\" target=\"_blank\" rel=\"noopener\">Fromages antiques, fromages gaulois\u2026 par Alain Ferdi\u00e8re<\/a><br \/>\n<\/span><\/li>\n<li><a href=\"http:\/\/www.afeaf.org\/\" target=\"_blank\" rel=\"noopener\">AFEAF<\/a><\/li>\n<li><a href=\"https:\/\/ateg.hypotheses.org\/\" target=\"_blank\" rel=\"noopener\">ATEG<\/a><\/li>\n<\/ul>\n<\/div>\n<\/div>\n","protected":false},"excerpt":{"rendered":"<p>Voyage en c\u00e9ramologie et dans le monde de l&rsquo;arch\u00e9ologie Arch\u00e9ologie \u00e0 Lezoux : d\u00e9di\u00e9 aux sigill\u00e9es du centre de la Gaule C\u00e9ramiques en Grande-Bretagne Arch\u00e9ologie dans le nord de la Gaule La Graufesenque CATHMA (C\u00e9ramiques de l&rsquo;Antiquit\u00e9 tardive et du Haut Moyen \u00c2ge) : compte rendu des s\u00e9minaires du groupe de recherches sur les c\u00e9ramiques [&hellip;]<\/p>\n","protected":false},"author":1,"featured_media":0,"parent":0,"menu_order":0,"comment_status":"closed","ping_status":"closed","template":"","meta":{"footnotes":""},"class_list":["post-428","page","type-page","status-publish","hentry"],"_links":{"self":[{"href":"https:\/\/sfecag.org\/index.php\/wp-json\/wp\/v2\/pages\/428","targetHints":{"allow":["GET"]}}],"collection":[{"href":"https:\/\/sfecag.org\/index.php\/wp-json\/wp\/v2\/pages"}],"about":[{"href":"https:\/\/sfecag.org\/index.php\/wp-json\/wp\/v2\/types\/page"}],"author":[{"embeddable":true,"href":"https:\/\/sfecag.org\/index.php\/wp-json\/wp\/v2\/users\/1"}],"replies":[{"embeddable":true,"href":"https:\/\/sfecag.org\/index.php\/wp-json\/wp\/v2\/comments?post=428"}],"version-history":[{"count":3,"href":"https:\/\/sfecag.org\/index.php\/wp-json\/wp\/v2\/pages\/428\/revisions"}],"predecessor-version":[{"id":2796,"href":"https:\/\/sfecag.org\/index.php\/wp-json\/wp\/v2\/pages\/428\/revisions\/2796"}],"wp:attachment":[{"href":"https:\/\/sfecag.org\/index.php\/wp-json\/wp\/v2\/media?parent=428"}],"curies":[{"name":"wp","href":"https:\/\/api.w.org\/{rel}","templated":true}]}}