{"id":492,"date":"2018-12-27T20:47:25","date_gmt":"2018-12-27T19:47:25","guid":{"rendered":"http:\/\/sfecag.org\/?page_id=492"},"modified":"2025-12-31T15:56:31","modified_gmt":"2025-12-31T14:56:31","slug":"492-2","status":"publish","type":"page","link":"https:\/\/sfecag.org\/index.php\/492-2\/","title":{"rendered":"Les Actes des congr\u00e8s"},"content":{"rendered":"<div style=\"line-height: 20px; margin-bottom: 15px;\">\n<p style=\"text-align: justify;\"><span style=\"font-size: 12pt;\">\u00c0 partir du congr\u00e8s de 1985 et \u00e0 l&rsquo;initiative de Philippe Bet (qui pouvait mettre \u00e0 la disposition de la SFECAG un certain nombre de facilit\u00e9s pratiques et de moyens techniques), de Lucien Rivet et de Nicole Rohmann-Rivet, il fut d\u00e9cid\u00e9 de publier les Actes de chacun des congr\u00e8s, dans les sept mois suivant la manifestation ; le manuscrit que fournit chaque auteur \u00e9tant compl\u00e9t\u00e9 par la discussion qui s&rsquo;en est suivie. Depuis 1990, le secr\u00e9tariat d&rsquo;\u00e9dition est assur\u00e9 par Sylvie Saulnier et Lucien Rivet. Depuis 2020, les Actes sont en couleur.<br \/>\n<\/span><\/p>\n<\/div>\n<p><span style=\"font-size: 12pt;\">\u2013 <a href=\"http:\/\/sfecag.free.fr\/ACTES\/ACTES_1985.pdf\" target=\"_blank\" rel=\"noopener\">Actes du congr\u00e8s de Reims<\/a> (1985), 90 pages : diffus\u00e9s \u00e0 270 exemplaires (\u00e9puis\u00e9s) ;<\/span><br \/>\n<span style=\"font-size: 12pt;\">\u2013 <a href=\"http:\/\/sfecag.free.fr\/ACTES\/ACTES_1986.pdf\" target=\"_blank\" rel=\"noopener\">Actes du congr\u00e8s de Toulouse<\/a> (1986), 178 pages : diffus\u00e9s \u00e0 419 ex. (\u00e9puis\u00e9s) ;<\/span><br \/>\n<span style=\"font-size: 12pt;\">\u2013 <a href=\"http:\/\/sfecag.free.fr\/ACTES\/ACTES_1987.pdf\" target=\"_blank\" rel=\"noopener\">Actes du congr\u00e8s de Caen<\/a> (1987), 214 pages : diffus\u00e9s \u00e0 461 ex. (\u00e9puis\u00e9s) ;<\/span><br \/>\n<span style=\"font-size: 12pt;\">\u2013 <a href=\"http:\/\/sfecag.free.fr\/ACTES\/ACTES_1988.pdf\" target=\"_blank\" rel=\"noopener\">Actes du congr\u00e8s d\u2019Orange<\/a> (1988), 274 pages : diffus\u00e9s \u00e0 482 ex. (\u00e9puis\u00e9s) ;<\/span><br \/>\n<span style=\"font-size: 12pt;\">\u2013 <a href=\"http:\/\/sfecag.free.fr\/ACTES\/ACTES_1989.pdf\" target=\"_blank\" rel=\"noopener\">Actes du congr\u00e8s de Lezoux<\/a> (1989), 248 pages : diffus\u00e9s \u00e0 552 ex. (\u00e9puis\u00e9s) ;<\/span><br \/>\n<span style=\"font-size: 12pt;\">\u2013 <a href=\"http:\/\/sfecag.free.fr\/ACTES\/ACTES_1990.pdf\" target=\"_blank\" rel=\"noopener\">Actes du congr\u00e8s de Mandeure-Mathay<\/a> (1990), 244 pages : diffus\u00e9s \u00e0 515 ex. (\u00e9puis\u00e9s) ;<\/span><br \/>\n<span style=\"font-size: 12pt;\">\u2013 <a href=\"http:\/\/sfecag.free.fr\/ACTES\/ACTES_1991.pdf\" target=\"_blank\" rel=\"noopener\">Actes du congr\u00e8s de Cognac<\/a> (1991), 440 pages : diffus\u00e9s \u00e0 579 ex. (\u00e9puis\u00e9s) ;<\/span><br \/>\n<span style=\"font-size: 12pt;\">\u2013 <a href=\"http:\/\/sfecag.free.fr\/ACTES\/ACTES_1992.pdf\" target=\"_blank\" rel=\"noopener\">Actes du congr\u00e8s de Tournai<\/a> (1992), 304 pages : diffus\u00e9s \u00e0 603 ex. (\u00e9puis\u00e9s) ;<\/span><br \/>\n<span style=\"font-size: 12pt;\">\u2013 <a href=\"http:\/\/sfecag.free.fr\/ACTES\/ACTES_1993.pdf\" target=\"_blank\" rel=\"noopener\">Actes du congr\u00e8s de Versailles<\/a> (1993), 388 pages : diffus\u00e9s \u00e0 582 ex. (\u00e9puis\u00e9s) ;<\/span><br \/>\n<span style=\"font-size: 12pt;\">\u2013 <a href=\"http:\/\/sfecag.free.fr\/ACTES\/ACTES_1994.pdf\" target=\"_blank\" rel=\"noopener\">Actes du congr\u00e8s de Millau<\/a> (1994), 280 pages : diffus\u00e9s \u00e0 641 ex. (\u00e9puis\u00e9s ) ;<\/span><br \/>\n<span style=\"font-size: 12pt;\">\u2013 <a href=\"http:\/\/sfecag.free.fr\/ACTES\/ACTES_1995.pdf\" target=\"_blank\" rel=\"noopener\">Actes du congr\u00e8s de Rouen<\/a> (1995), 348 pages : diffus\u00e9s \u00e0 693 ex. (\u00e9puis\u00e9s ) ;<\/span><br \/>\n<span style=\"font-size: 12pt;\">\u2013 <a href=\"http:\/\/sfecag.free.fr\/ACTES\/ACTES_1996.pdf\" target=\"_blank\" rel=\"noopener\">Actes du congr\u00e8s de Dijon<\/a> (1996), 508 pages : diffus\u00e9s \u00e0 698 ex. (\u00e9puis\u00e9s) ;<\/span><br \/>\n<span style=\"font-size: 12pt;\">\u2013 <a href=\"http:\/\/sfecag.free.fr\/ACTES\/ACTES_1997.pdf\" target=\"_blank\" rel=\"noopener\">Actes du congr\u00e8s du Mans<\/a> (1997), 512 pages : diffus\u00e9s \u00e0 695 ex. (\u00e9puis\u00e9s) ;<\/span><br \/>\n<span style=\"font-size: 12pt;\">\u2013 <a href=\"http:\/\/sfecag.free.fr\/ACTES\/ACTES_1998.pdf\" target=\"_blank\" rel=\"noopener\">Actes du congr\u00e8s d\u2019Istres<\/a> (1998), 364 pages diffus\u00e9s \u00e0 687 ex. (\u00e9puis\u00e9s) ;<\/span><br \/>\n<span style=\"font-size: 12pt;\">\u2013 <a href=\"http:\/\/sfecag.free.fr\/ACTES\/ACTES_1999.pdf\" target=\"_blank\" rel=\"noopener\">Actes du congr\u00e8s de Fribourg<\/a> (1999), 392 pages : diffus\u00e9s \u00e0 687 ex. (\u00e9puis\u00e9s) ;<\/span><br \/>\n<span style=\"font-size: 12pt;\">\u2013 <a href=\"http:\/\/sfecag.free.fr\/ACTES\/ACTES_2000.pdf\" target=\"_blank\" rel=\"noopener\">Actes du congr\u00e8s de Libourne<\/a> (2000), 520 pages : diffus\u00e9s \u00e0 721 ex. (\u00e9puis\u00e9s) ;<\/span><br \/>\n<span style=\"font-size: 12pt;\">\u2013 Actes du congr\u00e8s de Lille-Bavay (2001), 522 pages ;<\/span><br \/>\n<span style=\"font-size: 12pt;\">\u2013 Actes du congr\u00e8s de Bayeux (2002), 488 pages ;<\/span><br \/>\n<span style=\"font-size: 12pt;\">\u2013 Actes du congr\u00e8s de Saint-Romain-en-Gal (2003), 684 pages ;<\/span><br \/>\n<span style=\"font-size: 12pt;\">\u2013 Actes du congr\u00e8s de Vallauris (2004), 492 pages ;<\/span><br \/>\n<span style=\"font-size: 12pt;\">\u2013 Actes du Congr\u00e8s de Blois (2005), 776 pages ;<\/span><br \/>\n<span style=\"font-size: 12pt;\">\u2013 Actes du Congr\u00e8s de P\u00e9zenas (2006), 704 pages ;<\/span><br \/>\n<span style=\"font-size: 12pt;\">\u2013 Actes du Congr\u00e8s de Langres (2007), 604 pages ;<\/span><br \/>\n<span style=\"font-size: 12pt;\">\u2013 Actes du Congr\u00e8s de L&rsquo;Escala-Emp\u00faries (2008), 842 pages ;<\/span><br \/>\n<span style=\"font-size: 12pt;\">\u2013 Actes du Congr\u00e8s de Colmar (2009), 828 pages ;<\/span><br \/>\n<span style=\"font-size: 12pt;\">\u2013 Actes du Congr\u00e8s de Chelles (2010), 718 pages ;.<\/span><br \/>\n<span style=\"font-size: 12pt;\">\u2013 Actes du Congr\u00e8s d&rsquo;Arles (2011), 752 pages ;<\/span><br \/>\n<span style=\"font-size: 12pt;\">\u2013 Actes du Congr\u00e8s de Poitiers (2012), 862 pages ;<\/span><br \/>\n<span style=\"font-size: 12pt;\">\u2013 Actes du Congr\u00e8s d&rsquo;Amiens (2013), 624 pages ;<\/span><br \/>\n<span style=\"font-size: 12pt;\">\u2013 Actes du Congr\u00e8s de Chartres (2014), 920 pages ;<\/span><br \/>\n<span style=\"font-size: 12pt;\">\u2013 Actes du Congr\u00e8s de Nyon (2015), 660 pages ;<\/span><br \/>\n<span style=\"font-size: 12pt;\">\u2013 Actes du Congr\u00e8s d&rsquo;Autun (2016), 734 pages ;<\/span><br \/>\n<span style=\"font-size: 12pt;\">\u2013 Actes du Congr\u00e8s de Narbonne (2017), 876 pages.<\/span><br \/>\n<span style=\"font-size: 12pt;\">\u2013 Actes du Congr\u00e8s de Reims (2018), 572 pages.<\/span><br \/>\n<span style=\"font-size: 12pt;\">\u2013 Actes du Congr\u00e8s de Maubeuge-Bavay (2019), 636 pages<br \/>\n\u2013 Actes du Congr\u00e8s de Lyon (2020), 720 pages<br \/>\n\u2013 Actes du Congr\u00e8s d&rsquo;Auch (2021), 612 pages<br \/>\n\u2013 Actes du Congr\u00e8s de Clermont-Ferrand (2022), 752 pages<br \/>\n\u2013 Actes du Congr\u00e8s d&rsquo;Hy\u00e8res (2023), 624 pages<br \/>\n\u2013 Actes du Congr\u00e8s d&rsquo;Angers (2024), 736 pages<br \/>\n\u2013 Actes du Congr\u00e8s de Bruxelles (2025), 520 pages<\/span><\/p>\n<div style=\"line-height: 20px; margin-bottom: 15px;\">\n<p style=\"text-align: justify;\"><span style=\"font-size: 12pt;\">La diffusion de ces ouvrages est en progression r\u00e9guli\u00e8re, sachant qu&rsquo;il faut quelques ann\u00e9es pour pouvoir l&rsquo;appr\u00e9cier ; elle se fait avant tout aupr\u00e8s des adh\u00e9rents mais touche de plus en plus largement diff\u00e9rentes administrations (Services r\u00e9gionaux, d\u00e9partementaux ou municipaux de l&rsquo;arch\u00e9ologie, Biblioth\u00e8ques, Mus\u00e9es, Universit\u00e9s, etc.), tant en France qu&rsquo;\u00e0 l&rsquo;\u00e9tranger.<\/span><\/p>\n<\/div>\n<div style=\"line-height: 20px; margin-bottom: 15px;\">\n<p style=\"text-align: justify;\"><span style=\"font-size: 12pt;\">Parall\u00e8lement, un Suppl\u00e9ment 1 (Y. Rigoir et L. Rivet, De la repr\u00e9sentation graphique des sigill\u00e9es) a \u00e9t\u00e9 \u00e9dit\u00e9 en 1994 ; cette collection est destin\u00e9e \u00e0 accueillir toute \u00e9tude qui d\u00e9passe en volume le cadre d&rsquo;un simple article. Un Suppl\u00e9ment 2 (J.-L. TILHARD, Les c\u00e9ramiques sigill\u00e9es du Haut-Empire \u00e0 Poitiers) est paru en 2004 et un Suppl\u00e9ment 3 (les faci\u00e8s des c\u00e9ramiques communes de la maison des dieux oc\u00e9an \u00e0 Saint-Romain-en-Gal (Rh\u00f4ne) du Ier si\u00e8cle avant J.-C. au IIIe si\u00e8cle apr\u00e8s J.-C.en 2007.<\/span><\/p>\n<\/div>\n<p>&nbsp;<\/p>\n","protected":false},"excerpt":{"rendered":"<p>\u00c0 partir du congr\u00e8s de 1985 et \u00e0 l&rsquo;initiative de Philippe Bet (qui pouvait mettre \u00e0 la disposition de la SFECAG un certain nombre de facilit\u00e9s pratiques et de moyens techniques), de Lucien Rivet et de Nicole Rohmann-Rivet, il fut d\u00e9cid\u00e9 de publier les Actes de chacun des congr\u00e8s, dans les sept mois suivant la [&hellip;]<\/p>\n","protected":false},"author":1,"featured_media":0,"parent":0,"menu_order":0,"comment_status":"closed","ping_status":"closed","template":"","meta":{"footnotes":""},"class_list":["post-492","page","type-page","status-publish","hentry"],"_links":{"self":[{"href":"https:\/\/sfecag.org\/index.php\/wp-json\/wp\/v2\/pages\/492","targetHints":{"allow":["GET"]}}],"collection":[{"href":"https:\/\/sfecag.org\/index.php\/wp-json\/wp\/v2\/pages"}],"about":[{"href":"https:\/\/sfecag.org\/index.php\/wp-json\/wp\/v2\/types\/page"}],"author":[{"embeddable":true,"href":"https:\/\/sfecag.org\/index.php\/wp-json\/wp\/v2\/users\/1"}],"replies":[{"embeddable":true,"href":"https:\/\/sfecag.org\/index.php\/wp-json\/wp\/v2\/comments?post=492"}],"version-history":[{"count":7,"href":"https:\/\/sfecag.org\/index.php\/wp-json\/wp\/v2\/pages\/492\/revisions"}],"predecessor-version":[{"id":3212,"href":"https:\/\/sfecag.org\/index.php\/wp-json\/wp\/v2\/pages\/492\/revisions\/3212"}],"wp:attachment":[{"href":"https:\/\/sfecag.org\/index.php\/wp-json\/wp\/v2\/media?parent=492"}],"curies":[{"name":"wp","href":"https:\/\/api.w.org\/{rel}","templated":true}]}}