{"id":499,"date":"2018-12-27T20:58:01","date_gmt":"2018-12-27T19:58:01","guid":{"rendered":"http:\/\/sfecag.org\/?page_id=499"},"modified":"2018-12-27T20:58:01","modified_gmt":"2018-12-27T19:58:01","slug":"bases-de-donnees","status":"publish","type":"page","link":"https:\/\/sfecag.org\/index.php\/edition\/bases-de-donnees\/","title":{"rendered":"BASES DE DONN\u00c9ES"},"content":{"rendered":"<div style=\"line-height: 19px; margin-bottom: 15px;\">\n<p><span style=\"font-family: georgia, palatino, serif; font-size: 20px;\">La Sf\u00e9cag souhaite mettre \u00e0 la disposition des c\u00e9ramologues une base de donn\u00e9es sur les articles parus dans les Actes depuis 1985.<\/span><\/p>\n<p style=\"text-align: justify;\"><span style=\"font-size: 16px; font-family: georgia, palatino, serif;\">Deux types de consultations sont propos\u00e9s.<span style=\"color: #800080;\"><br \/>\n<a style=\"color: #800080;\" href=\"http:\/\/sfecag.free.fr\/rech-simple.htm\" target=\"_blank\" rel=\"noopener noreferrer\"><strong><span style=\"color: #4530a1;\">Recherche simple<\/span><\/strong><\/a> <\/span>: Elle permet une recherche classique \u00e0 partir (du ou des) auteurs OU du titre OU du congr\u00e8s. Par exemple pour le champ \u00ab\u00a0titre\u00a0\u00bb, il suffit d&rsquo;\u00e9crire un mot (exemples : amphores, atelier, Lyon, sigill\u00e9es, parois fines, Haut-empire, tib\u00e9rien, etc.) pour que le moteur de recherche affiche une liste de r\u00e9sultats correspondant \u00e0 toutes les occurrences contenant le terme.<\/span><\/p>\n<div style=\"line-height: 19px; margin-bottom: 15px;\">\n<div style=\"line-height: 19px; margin-bottom: 15px;\">\n<p style=\"text-align: justify;\"><span style=\"font-size: 16px; font-family: georgia, palatino, serif;\"><span style=\"color: #333399;\"><a style=\"color: #333399;\" href=\"http:\/\/sfecag.free.fr\/rech-combine.htm\" target=\"_blank\" rel=\"noopener noreferrer\"><strong>Recherche combin\u00e9e<\/strong><\/a><\/span> : Elle offre une recherche sur un ou plusieurs champs \u00e0 caract\u00e8re th\u00e9matique pour afficher [nom du ou des auteurs, titre, ann\u00e9e et pages des articles ainsi que cat\u00e9gories c\u00e9ramiques, Autres informations et chronologie]. Il suffit d&rsquo;\u00e9crire un mot ou un groupe de mots dans un ou des champs pour le moteur de recherche traite la requ\u00eate.<\/span><\/p>\n<p style=\"line-height: 19px; margin-bottom: 15px;\"><span style=\"font-size: 16px; font-family: georgia, palatino, serif;\">Par exemple : la requ\u00eate sur [champ \u00ab\u00a0Cat\u00e9gories\u00a0\u00bb = \u00ab\u00a0sigill\u00e9e\u00a0\u00bb] + [champ \u00ab\u00a0Autres informations\u00a0\u00bb = ateliers] + [champ \u00ab\u00a0Chronologie\u00a0\u00bb = Haut-Empire] affiche th\u00e9oriquement les articles traitant des ateliers produisant de la sigill\u00e9e au Haut-Empire.<\/span><\/p>\n<\/div>\n<\/div>\n<\/div>\n","protected":false},"excerpt":{"rendered":"<p>La Sf\u00e9cag souhaite mettre \u00e0 la disposition des c\u00e9ramologues une base de donn\u00e9es sur les articles parus dans les Actes depuis 1985. Deux types de consultations sont propos\u00e9s. Recherche simple : Elle permet une recherche classique \u00e0 partir (du ou des) auteurs OU du titre OU du congr\u00e8s. Par exemple pour le champ \u00ab\u00a0titre\u00a0\u00bb, il [&hellip;]<\/p>\n","protected":false},"author":1,"featured_media":0,"parent":88,"menu_order":0,"comment_status":"closed","ping_status":"closed","template":"","meta":{"footnotes":""},"class_list":["post-499","page","type-page","status-publish","hentry"],"_links":{"self":[{"href":"https:\/\/sfecag.org\/index.php\/wp-json\/wp\/v2\/pages\/499","targetHints":{"allow":["GET"]}}],"collection":[{"href":"https:\/\/sfecag.org\/index.php\/wp-json\/wp\/v2\/pages"}],"about":[{"href":"https:\/\/sfecag.org\/index.php\/wp-json\/wp\/v2\/types\/page"}],"author":[{"embeddable":true,"href":"https:\/\/sfecag.org\/index.php\/wp-json\/wp\/v2\/users\/1"}],"replies":[{"embeddable":true,"href":"https:\/\/sfecag.org\/index.php\/wp-json\/wp\/v2\/comments?post=499"}],"version-history":[{"count":0,"href":"https:\/\/sfecag.org\/index.php\/wp-json\/wp\/v2\/pages\/499\/revisions"}],"up":[{"embeddable":true,"href":"https:\/\/sfecag.org\/index.php\/wp-json\/wp\/v2\/pages\/88"}],"wp:attachment":[{"href":"https:\/\/sfecag.org\/index.php\/wp-json\/wp\/v2\/media?parent=499"}],"curies":[{"name":"wp","href":"https:\/\/api.w.org\/{rel}","templated":true}]}}