{"id":515,"date":"2018-12-28T16:05:04","date_gmt":"2018-12-28T15:05:04","guid":{"rendered":"http:\/\/sfecag.org\/?page_id=515"},"modified":"2018-12-28T16:05:04","modified_gmt":"2018-12-28T15:05:04","slug":"515-2","status":"publish","type":"page","link":"https:\/\/sfecag.org\/index.php\/515-2\/","title":{"rendered":"Suppl\u00e9ment 1"},"content":{"rendered":"<p><center><\/p>\n<table border=\"0\" width=\"800\">\n<tbody>\n<tr>\n<td valign=\"top\" width=\"122\"><img loading=\"lazy\" decoding=\"async\" class=\"alignnone size-medium wp-image-603\" src=\"http:\/\/sfecag.org\/wp-content\/uploads\/2018\/12\/couv_s1-211x300.png\" alt=\"\" width=\"211\" height=\"300\" \/> <\/td>\n<td align=\"left\" valign=\"top\" width=\"462\">\n<p align=\"center\"><span style=\"font-family: Trebuchet MS; font-size: small;\">Yves RIGOIR et Lucien RIVET<\/span><span style=\"font-family: Trebuchet MS;\"><br \/>\n <span style=\"font-size: medium;\"><span style=\"color: #666699;\"><b>DE LA REPR\u00c9SENTATION GRAPHIQUE DES SIGILL\u00c9ES<\/b><\/span><br \/>\n <strong>1994 <\/strong><br \/>\n <\/span><i><span style=\"font-size: xx-small;\">Un ouvrage au format 21 x 29,7, cahiers cousus, dos carr\u00e9, couverture quadri de 92 pages<\/span><\/i><\/span><\/p>\n<p style=\"text-align: left;\" align=\"center\"><span style=\"font-family: Trebuchet MS; font-size: small;\">10,50 \u20ac <\/span><\/p>\n<p><center><\/p>\n<p class=\"Style1\"><span style=\"font-size: medium;\">SOMMAIRE<\/span><\/p>\n<p><\/center><\/p>\n<ul>\n<li>\n<p align=\"left\"><b><span style=\"font-family: Trebuchet MS; font-size: small;\">AVANT-PROPOS<\/span><\/b><\/p>\n<\/li>\n<li>\n<p align=\"left\"><b><span style=\"font-family: Trebuchet MS; font-size: small;\">G\u00c9N\u00c9RALIT\u00c9S<br \/>\n <\/span><\/b><span style=\"font-family: Trebuchet MS; font-size: small;\">Champ d&rsquo;application de la normalisation<br \/>\n Buts de la normalisation<\/span><\/p>\n<\/li>\n<li>\n<p align=\"left\"><b><span style=\"font-family: Trebuchet MS; font-size: small;\">TECHNIQUES DE BASE<br \/>\n <\/span><\/b><span style=\"font-family: Trebuchet MS; font-size: small;\">La repr\u00e9sentation g\u00e9om\u00e9trique des formes : <\/span><span style=\"font-family: Trebuchet MS; font-size: xx-small;\"><i>Sections et profils ; Les formes enti\u00e8res ; Les fragments ;<br \/>\n Les formes restitu\u00e9es : sym\u00e9trie incertaine<\/i><\/span><span style=\"font-family: Trebuchet MS; font-size: small;\"><br \/>\n Le dessin du d\u00e9cor : \u00eatre juste : <\/span><span style=\"font-family: Trebuchet MS; font-size: xx-small;\"><i>N\u00e9cessit\u00e9 d&rsquo;un dessin conforme \u00e0 la r\u00e9alit\u00e9 ; D\u00e9calquage des motifs<br \/>\n <\/i><\/span><span style=\"font-family: Trebuchet MS; font-size: small;\">Le dessin du d\u00e9cor : \u00eatre lisible : <\/span><i><span style=\"font-family: Trebuchet MS; font-size: xx-small;\">Les traits ; Les \u00e9quivoques<\/span><\/i><span style=\"font-family: Trebuchet MS; font-size: small;\"><br \/>\n Le dessin du d\u00e9cor : \u00eatre comparable : <\/span><i><span style=\"font-family: Trebuchet MS; font-size: xx-small;\">Les taux de r\u00e9duction<\/span><\/i><\/p>\n<\/li>\n<li>\n<p align=\"left\"><b><span style=\"font-family: Trebuchet MS; font-size: small;\">LES D\u00c9CORS MANUELS<br \/>\n <\/span><\/b><span style=\"font-family: Trebuchet MS; font-size: small;\">Les d\u00e9cors lin\u00e9aires creux ou saillants : <\/span><i><span style=\"font-family: Trebuchet MS; font-size: xx-small;\">Les moulurations, bourrelets, rainures et incisions p\u00e9riph\u00e9riques<br \/>\n <\/span><\/i><span style=\"font-family: Trebuchet MS; font-size: small;\">Les d\u00e9cors en creux :<\/span><span style=\"font-family: Trebuchet MS; font-size: xx-small;\"> <i>Les incisions ; Les excisions ; Les guillochis<br \/>\n <\/i><\/span><span style=\"font-family: Trebuchet MS; font-size: small;\">Les d\u00e9cors en saillie : <\/span><i><span style=\"font-family: Trebuchet MS; font-size: xx-small;\">La barbotine<br \/>\n <\/span><\/i><span style=\"font-family: Trebuchet MS; font-size: small;\">Les d\u00e9cors peints<br \/>\n Les d\u00e9cors lustr\u00e9s<\/span><\/p>\n<\/li>\n<li>\n<p align=\"left\"><b><span style=\"font-family: Trebuchet MS; font-size: small;\">LES D\u00c9CORS MATRIC\u00c9S<br \/>\n <\/span><\/b><span style=\"font-family: Trebuchet MS; font-size: small;\">Les d\u00e9cors en creux imprim\u00e9s : <\/span><span style=\"font-family: Trebuchet MS; font-size: xx-small;\"><i>Les poin\u00e7ons plats grav\u00e9s et roulettes<\/i><\/span><i><br \/>\n <\/i><span style=\"font-family: Trebuchet MS; font-size: small;\">Les autres d\u00e9cors en creux imprim\u00e9s<\/span><i><span style=\"font-family: Trebuchet MS; font-size: xx-small;\"> : Les estampilles ; <\/span><\/i><i><span style=\"font-family: Trebuchet MS; font-size: xx-small;\">Les marques infra ou intra-d\u00e9coratives<br \/>\n <\/span><\/i><span style=\"font-family: Trebuchet MS; font-size: small;\">Le moulage<br \/>\n Les d\u00e9cors moul\u00e9s<\/span><\/p>\n<\/li>\n<li>\n<p align=\"left\"><b><span style=\"font-family: Trebuchet MS; font-size: small;\">LA COMPOSITION D\u00c9CORATIVE<br \/>\n <\/span><\/b><span style=\"font-family: Trebuchet MS; font-size: small;\">Repr\u00e9sentation : principes g\u00e9n\u00e9raux<br \/>\n Repr\u00e9sentation des fragments<br \/>\n D\u00e9veloppements des formes cylindriques et coniques : <\/span><i><span style=\"font-family: Trebuchet MS; font-size: xx-small;\">Les formes cylindriques ; Les formes coniques<\/span><span style=\"font-family: Trebuchet MS; font-size: small;\"><br \/>\n <\/span><\/i><span style=\"font-family: Trebuchet MS; font-size: small;\">D\u00e9veloppements des formes h\u00e9misph\u00e9riques et assimil\u00e9es<br \/>\n Mise en place des poin\u00e7ons et motifs sur les d\u00e9veloppements<br \/>\n Cas particulier : les moules<br \/>\n Mise en place et repr\u00e9sentation des d\u00e9cors sur le dessin<\/span><\/p>\n<\/li>\n<li>\n<p align=\"left\"><b><span style=\"font-family: Trebuchet MS; font-size: small;\">LA PUBLICATION<br \/>\n <\/span><\/b><span style=\"font-family: Trebuchet MS; font-size: small;\">Mise en page des formes compl\u00e8tes<\/span><\/p>\n<\/li>\n<li>\n<p align=\"left\"><b><span style=\"font-family: Trebuchet MS; font-size: small;\">LA PHOTOGRAPHIE<\/span><\/b><\/p>\n<\/li>\n<li>\n<p align=\"left\"><b><span style=\"font-family: Trebuchet MS; font-size: small;\">CONCLUSION<\/span><\/b><\/p>\n<\/li>\n<li>\n<p align=\"left\"><b><span style=\"font-family: Trebuchet MS; font-size: small;\">INDEX<\/span><\/b><\/p>\n<\/li>\n<li>\n<p align=\"left\"><b><span style=\"font-family: Trebuchet MS; font-size: small;\">CR\u00c9DIT BIBLIOGRAPHIQUE<\/span><\/b><\/p>\n<\/li>\n<\/ul>\n<p>&nbsp;<\/p>\n<\/td>\n<\/tr>\n<\/tbody>\n<\/table>\n<p><\/center><center><\/center><\/p>\n","protected":false},"excerpt":{"rendered":"<p>Yves RIGOIR et Lucien RIVET DE LA REPR\u00c9SENTATION GRAPHIQUE DES SIGILL\u00c9ES 1994 Un ouvrage au format 21 x 29,7, cahiers cousus, dos carr\u00e9, couverture quadri de 92 pages 10,50 \u20ac SOMMAIRE AVANT-PROPOS G\u00c9N\u00c9RALIT\u00c9S Champ d&rsquo;application de la normalisation Buts de la normalisation TECHNIQUES DE BASE La repr\u00e9sentation g\u00e9om\u00e9trique des formes : Sections et profils ; [&hellip;]<\/p>\n","protected":false},"author":1,"featured_media":0,"parent":0,"menu_order":0,"comment_status":"closed","ping_status":"closed","template":"","meta":{"footnotes":""},"class_list":["post-515","page","type-page","status-publish","hentry"],"_links":{"self":[{"href":"https:\/\/sfecag.org\/index.php\/wp-json\/wp\/v2\/pages\/515","targetHints":{"allow":["GET"]}}],"collection":[{"href":"https:\/\/sfecag.org\/index.php\/wp-json\/wp\/v2\/pages"}],"about":[{"href":"https:\/\/sfecag.org\/index.php\/wp-json\/wp\/v2\/types\/page"}],"author":[{"embeddable":true,"href":"https:\/\/sfecag.org\/index.php\/wp-json\/wp\/v2\/users\/1"}],"replies":[{"embeddable":true,"href":"https:\/\/sfecag.org\/index.php\/wp-json\/wp\/v2\/comments?post=515"}],"version-history":[{"count":0,"href":"https:\/\/sfecag.org\/index.php\/wp-json\/wp\/v2\/pages\/515\/revisions"}],"wp:attachment":[{"href":"https:\/\/sfecag.org\/index.php\/wp-json\/wp\/v2\/media?parent=515"}],"curies":[{"name":"wp","href":"https:\/\/api.w.org\/{rel}","templated":true}]}}