{"id":549,"date":"2018-12-28T17:03:20","date_gmt":"2018-12-28T16:03:20","guid":{"rendered":"http:\/\/sfecag.org\/?page_id=549"},"modified":"2024-11-15T16:18:01","modified_gmt":"2024-11-15T15:18:01","slug":"sommaire-2000-2","status":"publish","type":"page","link":"https:\/\/sfecag.org\/index.php\/sommaire-2000-2\/","title":{"rendered":"Sommaire 2000"},"content":{"rendered":"<table style=\"width: 659px;\">\n<tbody>\n<tr>\n<td style=\"width: 643.167px;\"><span style=\"font-size: 20px;\"><a href=\"http:\/\/127.0.0.1\/wordpress\/wp-content\/uploads\/2020\/12\/couv2000.png\"><img loading=\"lazy\" decoding=\"async\" class=\"size-full wp-image-1600 alignleft\" src=\"http:\/\/sfecag.org\/wp-content\/uploads\/2020\/12\/couv2000.png\" alt=\"\" width=\"85\" height=\"119\" \/><\/a><\/span><\/p>\n<p><strong>ACTES DU CONGR\u00c8S DE LIBOURNE, 2000<\/strong><\/p>\n<p>&nbsp;<\/p>\n<p style=\"text-align: justify;\"><span style=\"font-size: 16px;\"><strong>1. Productions r\u00e9gionales et importations en Aquitaine<\/strong><\/span><\/p>\n<div style=\"line-height: 20px; margin-bottom: 15px;\">\n<p><span style=\"font-size: 14px;\">&#8211; C. SIREIX et Louis MAURIN : Potiers de Vayres (Gironde)<br \/>\n&#8211; <\/span><span style=\"font-size: 14px;\">F. BERTHAULT : Le mat\u00e9riel amphorique produit \u00e0 P\u00e9rigueux<br \/>\n&#8211; C. CARPONSIN-MARTIN et N. GOURDON-PLATEL : La c\u00e9ramique \u00e0 engobe micac\u00e9 (Dordogne)\u00a0:<\/span> <span style=\"font-size: 14px;\">caract\u00e9risation et technique de fabrication<br \/>\n&#8211; <\/span><span style=\"font-size: 14px;\">Ph. JACQUES : Une officine de potier \u00e0 Agen (Lot-et-Garonne) au III<sup>e<\/sup> si\u00e8cle ?<br \/>\n&#8211; <\/span><span style=\"font-size: 14px;\">M GENIN, \u00c9. MARE et Chr. SIREIX : L&rsquo;atelier du site de l&rsquo;Enclos \u00e0 Saint-M\u00e9dard-de-Mussidan (Dordogne) :<\/span> <span style=\"font-size: 14px;\">une production r\u00e9gionale de c\u00e9ramique commune (II<sup>e<\/sup>-III<sup>e<\/sup> si\u00e8cles)<br \/>\n&#8211; F. R\u00c9CHIN et F. CONVERTINI : Production et \u00e9changes en Aquitaine durant le Haut-Empire : nouveaux apports de la p\u00e9trographie c\u00e9ramique<br \/>\n&#8211; M. M. URTEAGA et M. LOPEZ COLOM : Aper\u00e7u des principaux groupes de production mis en \u00e9vidence lors des fouilles du port d&rsquo;Ir\u00fa<br \/>\n&#8211; <\/span><span style=\"font-size: 14px;\">S. SOULAS : \u00c9l\u00e9ments d&rsquo;\u00e9volution de la c\u00e9ramique estamp\u00e9e d&rsquo;apr\u00e8s les fouilles de la place Camille-Jullian \u00e0 Bordeaux<br \/>\n&#8211; <\/span><span style=\"font-size: 14px;\">L. BENQUET et C.PIOT: Les amphores de Lacoste (Mouliets-et-Villemartin, Gironde)<br \/>\n&#8211; <\/span><span style=\"font-size: 14px;\">L. BRASSOUS : Origine et datation des c\u00e9ramiques \u00e0 parois fines retrouv\u00e9es dans la r\u00e9gion bordelaise. L&rsquo;apport d&rsquo;une fouille de sauvetage urbain<br \/>\n&#8211; <\/span><span style=\"font-size: 14px;\">L.CUEILLENS : Les lampes \u00e0 huile de Bordeaux. L&rsquo;apport de la Cit\u00e9 Judiciaire<br \/>\n&#8211; <\/span><span style=\"font-size: 14px;\">\u00c9l\u00e9ments pour une synth\u00e8se sur les productions r\u00e9gionales et les importations en Aquitaine<\/span><\/p>\n<\/div>\n<p style=\"text-align: justify;\"><span style=\"font-size: 16px;\"><strong>2. Actualit\u00e9 des recherches c\u00e9ramiques<\/strong><\/span><\/p>\n<div style=\"line-height: 20px; margin-bottom: 15px;\">\n<p><span style=\"font-size: 14px;\">&#8211; D. BARTH\u00c8LEMY, F. LAMOINE, avec la coll. de P. PROST : La c\u00e9ramique pr\u00e9-august\u00e9enne et august\u00e9enne de M\u00e2con : essai de synth\u00e8se<br \/>\n&#8211; A. LOPEZ MULLOR et M. M. ESTARRELLAS : La c\u00e9ramique romaine \u00e0 parois fines du sanctuaire <\/span><span style=\"font-size: 14px;\">de So n&rsquo;Oms (Palma de Majorque, Espagne)<br \/>\n&#8211; <\/span><span style=\"font-size: 14px;\">G. THIERRIN-MICHAEL : Amphores gr\u00e9co-italiques de l&rsquo;oppidum de Pech-Maho (III<sup>e<\/sup> s. av. J.-C.). <\/span><span style=\"font-size: 14px;\">D\u00e9termination d&rsquo;origine par l&rsquo;\u00e9tude p\u00e9trographique<br \/>\n&#8211; <\/span><span style=\"font-size: 14px;\">P. RASCALOU : Deux ensembles de c\u00e9ramiques de la p\u00e9riode Claude-N\u00e9ron en moyenne vall\u00e9e de l&rsquo;H\u00e9rault. Observations sur la distribution des amphores \u00e0 Peyre-Plantade (Clermont-l&rsquo;H\u00e9rault) et Soumaltre (Aspiran)<br \/>\n&#8211; M.E. LOUGHTON : La morphologie des amphores r\u00e9publicaines en Auvergne<br \/>\n&#8211; <\/span><span style=\"font-size: 14px;\">M. PICON : Observations sur l&rsquo;avenir des m\u00e9thodes chimiques d&rsquo;\u00e9tude des c\u00e9ramiques \/ \u00c0\u00a0propos de l&rsquo;origine des amphores Dr. 12 <\/span><span style=\"font-size: 14px;\">d\u00e9couvertes \u00e0 Lyon<br \/>\n&#8211; <\/span><span style=\"font-size: 14px;\">N. JOBELOT : \u00c0 propos de la c\u00e9ramique noire, p\u00e2te rouge\u00e2tre (NPR)<br \/>\n&#8211; <\/span><span style=\"font-size: 14px;\">S. DUBOIS et E. BINET : D\u00e9couverte r\u00e9centes de c\u00e9ramiques de la premi\u00e8re moiti\u00e9 du I<sup>er <\/sup>si\u00e8cle \u00e0 Amiens (Somme)<br \/>\n&#8211; L. SIMON : Le mobilier gallo-romain de l&rsquo;\u00e9tablissement agricole des Teuilles \u00e0 Benet (Vend\u00e9e)<br \/>\n&#8211; <\/span><span style=\"font-size: 14px;\">X. DERU et P. ROLLET : La c\u00e9ramique gallo-romaine de la rue de Cernay \u00e0 Reims (Marne)<br \/>\n&#8211; <\/span><span style=\"font-size: 14px;\">C. SCHUCANY : R\u00e9flexions sur les vaisseliers de la villa romaine de Biberist (SO\/Suisse) : fin du I<sup>er<\/sup> &#8211; IIIe si\u00e8cle<br \/>\n<\/span><span style=\"font-size: 14px;\">&#8211; E. SCHINDLER KAUDELKA : Un lot d&rsquo;amphores d&rsquo;\u00e9poque tib\u00e9rienne tardive. <\/span><span style=\"font-size: 14px;\">AA44, la cave \u00e0 provisions de la fabrica imp\u00e9riale du Magdalensberg<br \/>\n&#8211; <\/span><span style=\"font-size: 14px;\">S. BARBERAN, H. POMAR\u00c8DES, avec la coll. de P. ECARD et Y. RIGOIR : L&rsquo;atelier de La Quintari\u00e9 \u00e0 Clermont-l&rsquo;H\u00e9rault (H\u00e9rault) : <\/span><span style=\"font-size: 14px;\">un centre de production de d\u00e9riv\u00e9es-des-sigill\u00e9es pal\u00e9ochr\u00e9tiennes (DS.P.) et de c\u00e9ramiques communes<br \/>\n&#8211; <\/span><span style=\"font-size: 14px;\">N. ROUQUET et F. LORIDANT : Note sur les biberons en Gaule romaine<br \/>\n&#8211; Ph. BET, R. DELAGE : Du nouveau sur le centre de production de c\u00e9ramique sigill\u00e9e de Lubi\u00e9 (Allier) : <\/span><span style=\"font-size: 14px;\">\u00e9tude pr\u00e9liminaire du mobilier issu d&rsquo;un sondage r\u00e9cent<br \/>\n<\/span><span style=\"font-size: 14px;\">&#8211; Ph. BET et A. DELOR : La typologie de la sigill\u00e9e lisse de Lezoux et de la Gaule centrale du Haut-Empire r\u00e9vision d\u00e9cennale-<br \/>\n<\/span><span style=\"font-size: 14px;\">&#8211; F. CHARLIER : Le syst\u00e8me d&rsquo;inventaire des mat\u00e9riaux de construction en terre cuite du Mont Beuvray<br \/>\n&#8211; <\/span><span style=\"font-size: 14px;\">D. BRENTCHALOFF et L. RIVET : Mortiers italiques d\u00e9couverts \u00e0 Fr\u00e9jus (Var)<br \/>\n&#8211; <\/span><span style=\"font-size: 14px;\">S. WILLEMS, F. VILVORDER et A. VANDERHOEVEN : Analyse des \u00ab\u00a0fabriques\u00a0\u00bb des mortiers en Gaule du Nord<br \/>\n&#8211; <\/span><span style=\"font-size: 14px;\">M. KASPRZYK (avec la coll. de Fran\u00e7ois COGNOT) : Un ensemble c\u00e9ramique du V<sup>e<\/sup> si\u00e8cle \u00e0 M\u00e2con, rue Dinet<br \/>\n&#8211; <\/span><span style=\"font-size: 14px;\">P. BET, R. DELAGE et R. MURAT : En Gaule centrale, le centre de production sigill\u00e9e de Manglieu (Puy-de-D\u00f4me)<br \/>\n&#8211; <\/span><span style=\"font-size: 14px;\">C. BATIGNE-VALLET et F. LORIDANT : Note sur les seaux de Bavay et les r\u00e9cipients ovalis\u00e9s de Lyon<\/span><\/p>\n<\/div>\n<p><span style=\"font-size: 14px;\"><em><a href=\"http:\/\/sfecag.free.fr\/ACTES\/ACTES_2000.pdf\">Disponible au t\u00e9l\u00e9chargement<\/a><br \/>\n<\/em><\/span><\/td>\n<\/tr>\n<\/tbody>\n<\/table>\n<p>&nbsp;<\/p>\n","protected":false},"excerpt":{"rendered":"<p>ACTES DU CONGR\u00c8S DE LIBOURNE, 2000 &nbsp; 1. Productions r\u00e9gionales et importations en Aquitaine &#8211; C. SIREIX et Louis MAURIN : Potiers de Vayres (Gironde) &#8211; F. BERTHAULT : Le mat\u00e9riel amphorique produit \u00e0 P\u00e9rigueux &#8211; C. CARPONSIN-MARTIN et N. GOURDON-PLATEL : La c\u00e9ramique \u00e0 engobe micac\u00e9 (Dordogne)\u00a0: caract\u00e9risation et technique de fabrication &#8211; Ph. [&hellip;]<\/p>\n","protected":false},"author":1,"featured_media":0,"parent":0,"menu_order":0,"comment_status":"closed","ping_status":"closed","template":"","meta":{"footnotes":""},"class_list":["post-549","page","type-page","status-publish","hentry"],"_links":{"self":[{"href":"https:\/\/sfecag.org\/index.php\/wp-json\/wp\/v2\/pages\/549","targetHints":{"allow":["GET"]}}],"collection":[{"href":"https:\/\/sfecag.org\/index.php\/wp-json\/wp\/v2\/pages"}],"about":[{"href":"https:\/\/sfecag.org\/index.php\/wp-json\/wp\/v2\/types\/page"}],"author":[{"embeddable":true,"href":"https:\/\/sfecag.org\/index.php\/wp-json\/wp\/v2\/users\/1"}],"replies":[{"embeddable":true,"href":"https:\/\/sfecag.org\/index.php\/wp-json\/wp\/v2\/comments?post=549"}],"version-history":[{"count":2,"href":"https:\/\/sfecag.org\/index.php\/wp-json\/wp\/v2\/pages\/549\/revisions"}],"predecessor-version":[{"id":2901,"href":"https:\/\/sfecag.org\/index.php\/wp-json\/wp\/v2\/pages\/549\/revisions\/2901"}],"wp:attachment":[{"href":"https:\/\/sfecag.org\/index.php\/wp-json\/wp\/v2\/media?parent=549"}],"curies":[{"name":"wp","href":"https:\/\/api.w.org\/{rel}","templated":true}]}}