{"id":607,"date":"2018-12-28T19:05:03","date_gmt":"2018-12-28T18:05:03","guid":{"rendered":"http:\/\/sfecag.org\/?page_id=607"},"modified":"2018-12-28T19:05:03","modified_gmt":"2018-12-28T18:05:03","slug":"supplement-2","status":"publish","type":"page","link":"https:\/\/sfecag.org\/index.php\/supplement-2\/","title":{"rendered":"Suppl\u00e9ment 2"},"content":{"rendered":"<table style=\"width: 625px;\">\n<tbody>\n<tr>\n<td style=\"width: 172px; vertical-align: top;\"><img loading=\"lazy\" decoding=\"async\" class=\"alignnone size-medium wp-image-604\" src=\"http:\/\/sfecag.org\/wp-content\/uploads\/2018\/12\/S2recto-214x300.gif\" alt=\"\" width=\"214\" height=\"300\" \/><\/td>\n<td style=\"width: 440px;\">\n<p style=\"text-align: center;\"><span style=\"font-size: 20px;\">Jean-Louis TILHARD<\/span><br \/>\n<span style=\"font-size: 20px; color: #666699;\"> LES C\u00c9RAMIQUES SIGILL\u00c9ES<br \/>\nDU HAUT-EMPIRE \u00c0 POITIERS<\/span><br \/>\n<span style=\"font-size: 20px; color: #666699;\"> d&rsquo;apr\u00e8s les estampilles et les d\u00e9cors moul\u00e9s<\/span><br \/>\n2004 <br \/>\nUn ouvrage au format 21 x 29,7, cahiers cousus, dos carr\u00e9, couverture quadri, d&rsquo;environ 650 pages dont 300 planches (estampilles et d\u00e9cors)<\/p>\n<p>58 \u20ac franco de port<\/p>\n<p style=\"text-align: justify;\">R\u00e9dig\u00e9 par l&rsquo;un des grands sp\u00e9cialistes de la question, le contenu de cette monumentale th\u00e8se sur les sigill\u00e9es de Poitiers dont les sources arch\u00e9ologiques ont \u00e9t\u00e9 principalement fournies par les collections du Mus\u00e9e Sainte-Croix est v\u00e9ritablement exceptionnel. C&rsquo;est l&rsquo;une des meilleures synth\u00e8ses qui ait \u00e9t\u00e9 donn\u00e9e \u00e0 lire depuis une trentaine d&rsquo;ann\u00e9es sur la commercialisation des sigill\u00e9es et elle d\u00e9passe tr\u00e8s largement le cadre de la seule cit\u00e9 des Pictons. La densit\u00e9 de la documentation \u2013 Jean-Louis Tilhard a dessin\u00e9 l&rsquo;ensemble des pi\u00e8ces analys\u00e9es, cette documentation au trait \u00e9tant accompagn\u00e9e d&rsquo;une couverture photographique, ce qui constitue en soit une illustration de premi\u00e8re importance \u2013, la pr\u00e9cision analytique et la justesse des conclusions et perspectives historiques font de ce travail un mod\u00e8le du genre qui constituera un ouvrage de r\u00e9f\u00e9rence indispensable non seulement aux c\u00e9ramologues mais aussi aux historiens de l&rsquo;Antiquit\u00e9.<\/p>\n<\/td>\n<\/tr>\n<\/tbody>\n<\/table>\n<p>&nbsp;<\/p>\n","protected":false},"excerpt":{"rendered":"<p>Jean-Louis TILHARD LES C\u00c9RAMIQUES SIGILL\u00c9ES DU HAUT-EMPIRE \u00c0 POITIERS d&rsquo;apr\u00e8s les estampilles et les d\u00e9cors moul\u00e9s 2004 Un ouvrage au format 21 x 29,7, cahiers cousus, dos carr\u00e9, couverture quadri, d&rsquo;environ 650 pages dont 300 planches (estampilles et d\u00e9cors) 58 \u20ac franco de port R\u00e9dig\u00e9 par l&rsquo;un des grands sp\u00e9cialistes de la question, le contenu [&hellip;]<\/p>\n","protected":false},"author":1,"featured_media":0,"parent":0,"menu_order":0,"comment_status":"closed","ping_status":"closed","template":"","meta":{"footnotes":""},"class_list":["post-607","page","type-page","status-publish","hentry"],"_links":{"self":[{"href":"https:\/\/sfecag.org\/index.php\/wp-json\/wp\/v2\/pages\/607","targetHints":{"allow":["GET"]}}],"collection":[{"href":"https:\/\/sfecag.org\/index.php\/wp-json\/wp\/v2\/pages"}],"about":[{"href":"https:\/\/sfecag.org\/index.php\/wp-json\/wp\/v2\/types\/page"}],"author":[{"embeddable":true,"href":"https:\/\/sfecag.org\/index.php\/wp-json\/wp\/v2\/users\/1"}],"replies":[{"embeddable":true,"href":"https:\/\/sfecag.org\/index.php\/wp-json\/wp\/v2\/comments?post=607"}],"version-history":[{"count":0,"href":"https:\/\/sfecag.org\/index.php\/wp-json\/wp\/v2\/pages\/607\/revisions"}],"wp:attachment":[{"href":"https:\/\/sfecag.org\/index.php\/wp-json\/wp\/v2\/media?parent=607"}],"curies":[{"name":"wp","href":"https:\/\/api.w.org\/{rel}","templated":true}]}}