{"id":614,"date":"2018-12-28T19:11:45","date_gmt":"2018-12-28T18:11:45","guid":{"rendered":"http:\/\/sfecag.org\/?page_id=614"},"modified":"2018-12-28T19:11:45","modified_gmt":"2018-12-28T18:11:45","slug":"supplement-3","status":"publish","type":"page","link":"https:\/\/sfecag.org\/index.php\/supplement-3\/","title":{"rendered":"Suppl\u00e9ment 3"},"content":{"rendered":"<table style=\"width: 625px;\">\n<tbody>\n<tr>\n<td style=\"width: 173px; vertical-align: top;\"><span style=\"font-size: 14px;\"><img loading=\"lazy\" decoding=\"async\" class=\"alignnone size-full wp-image-605\" src=\"http:\/\/sfecag.org\/wp-content\/uploads\/2018\/12\/couv_S3.png\" alt=\"\" width=\"213\" height=\"299\" \/><\/span><\/td>\n<td style=\"width: 439px;\">\n<p style=\"text-align: center;\"><span style=\"font-size: 20px;\">Odile LEBLANC<\/span><br \/>\n <span style=\"font-size: 20px; color: #666699;\">LES FACI\u00c8S DES C\u00c9RAMIQUES COMMUNES<br \/>\n DE LA MAISON DES DIEUX OC\u00c9AN<br \/>\n \u00c0 SAINT-ROMAIN-EN-GAL (Rh\u00f4ne)<\/span><br \/>\n<span style=\"font-size: 20px; color: #666699;\"> du Ier si\u00e8cle avant J.-C. au IIIe si\u00e8cle apr\u00e8s J.-C.<\/span><br \/>\n <span style=\"font-size: 14px;\">2007 <\/span><br \/>\n <span style=\"font-size: 14px;\">Un ouvrage au format 21 x 29,7, cahiers cousus, dos carr\u00e9, couverture quadri,<\/span><br \/>\n <span style=\"font-size: 14px;\">de 208 pages, nombreuses illustrations<\/span><\/p>\n<p><span style=\"font-size: 14px;\">29\u20ac franco de port<\/span><\/p>\n<p style=\"text-align: justify;\"><span style=\"font-size: 14px;\">La Maison des Dieux Oc\u00e9an \u00e0 Saint-Romain-en-Gal (Rh\u00f4ne) a fait l&rsquo;objet d&rsquo;une importante investigation arch\u00e9ologique de 1980 \u00e0 1984, la publication parue en 1994 comportant une \u00e9tude synth\u00e9tique du mobilier bas\u00e9e essentiellement sur les c\u00e9ramiques fines et les amphores.<\/span><br \/>\n <span style=\"font-size: 14px;\">L\u2019\u00e9tude porte sur les c\u00e9ramiques communes et compl\u00e8te les r\u00e9sultats pr\u00e9c\u00e9demment publi\u00e9s. Les diff\u00e9rentes cat\u00e9gories (communes claires et sombres, dolia, c\u00e9ramique \u00e0 vernis rouge pomp\u00e9ien, terra nigra \u2026) sont pr\u00e9sent\u00e9es \u00e0 travers 8 horizons chronologiques r\u00e9partis entre les ann\u00e9es 40\/30 avant J.-C. et le milieu du IIIe si\u00e8cle.<\/span><br \/>\n <span style=\"font-size: 14px;\">Une synth\u00e8se permet de caract\u00e9riser les productions en usage sur le site et l&rsquo;\u00e9volution des groupes techniques durant trois si\u00e8cles, en d\u00e9crivant les changements constat\u00e9s dans le r\u00e9pertoire des formes.<\/span><\/p>\n<\/td>\n<\/tr>\n<\/tbody>\n<\/table>\n<p>&nbsp;<\/p>\n","protected":false},"excerpt":{"rendered":"<p>Odile LEBLANC LES FACI\u00c8S DES C\u00c9RAMIQUES COMMUNES DE LA MAISON DES DIEUX OC\u00c9AN \u00c0 SAINT-ROMAIN-EN-GAL (Rh\u00f4ne) du Ier si\u00e8cle avant J.-C. au IIIe si\u00e8cle apr\u00e8s J.-C. 2007 Un ouvrage au format 21 x 29,7, cahiers cousus, dos carr\u00e9, couverture quadri, de 208 pages, nombreuses illustrations 29\u20ac franco de port La Maison des Dieux Oc\u00e9an \u00e0 [&hellip;]<\/p>\n","protected":false},"author":1,"featured_media":0,"parent":0,"menu_order":0,"comment_status":"closed","ping_status":"closed","template":"","meta":{"footnotes":""},"class_list":["post-614","page","type-page","status-publish","hentry"],"_links":{"self":[{"href":"https:\/\/sfecag.org\/index.php\/wp-json\/wp\/v2\/pages\/614","targetHints":{"allow":["GET"]}}],"collection":[{"href":"https:\/\/sfecag.org\/index.php\/wp-json\/wp\/v2\/pages"}],"about":[{"href":"https:\/\/sfecag.org\/index.php\/wp-json\/wp\/v2\/types\/page"}],"author":[{"embeddable":true,"href":"https:\/\/sfecag.org\/index.php\/wp-json\/wp\/v2\/users\/1"}],"replies":[{"embeddable":true,"href":"https:\/\/sfecag.org\/index.php\/wp-json\/wp\/v2\/comments?post=614"}],"version-history":[{"count":0,"href":"https:\/\/sfecag.org\/index.php\/wp-json\/wp\/v2\/pages\/614\/revisions"}],"wp:attachment":[{"href":"https:\/\/sfecag.org\/index.php\/wp-json\/wp\/v2\/media?parent=614"}],"curies":[{"name":"wp","href":"https:\/\/api.w.org\/{rel}","templated":true}]}}