{"id":88,"date":"2018-03-06T19:47:39","date_gmt":"2018-03-06T18:47:39","guid":{"rendered":"http:\/\/sfecag.org\/?page_id=88"},"modified":"2026-03-13T09:04:51","modified_gmt":"2026-03-13T08:04:51","slug":"edition","status":"publish","type":"page","link":"https:\/\/sfecag.org\/index.php\/edition\/","title":{"rendered":"\u00c9DITION &#038; DIFFUSION des ACTES des CONGR\u00c8S"},"content":{"rendered":"<table border=\"0\" width=\"900\">\n<tbody>\n<tr>\n<td>\n<p class=\"Style1 Style2\" align=\"left\"><span style=\"color: #999999;\"><b><span style=\"font-size: x-large;\">LES PUBLICATIONS DE LA SFECAG<\/span><\/b><\/span><\/p>\n<ul class=\"Style1\">\n<li><span style=\"font-size: 14px;\"><span class=\"Style2\">Base de donn\u00e9es<\/span> (recherche simple et recherche combin\u00e9e)<\/span><\/li>\n<\/ul>\n<hr \/>\n<p><span style=\"font-family: Arial; font-size: 20px;\"><b><span style=\"color: #999999;\">Actes \u00e9puis\u00e9s (t\u00e9l\u00e9charger au format PDF)<br \/>\n<\/span><\/b><span style=\"color: #000000; font-size: 14px; font-family: trebuchet ms, geneva, sans-serif;\">T\u00e9l\u00e9chargement \u00e9galement possible sur la page Academia de la Sf\u00e9cag<\/span><b><br \/>\n<\/b><\/span><\/p>\n<ul style=\"list-style-type: disc;\">\n<li><span style=\"font-family: Arial; font-size: 14px;\"><a href=\"ACTES\/ACTES_1985.pdf\"><span style=\"font-family: georgia, palatino, serif;\"><span style=\"font-size: 10pt;\">ACTES DU CONGR\u00c8S DE REIMS, 1985 <\/span><\/span><\/a><\/span><\/li>\n<li><span style=\"font-family: georgia, palatino, serif; font-size: 10pt;\"><a href=\"ACTES\/ACTES_1986.pdf\">ACTES DU CONGR\u00c8S DE TOULOUSE, 1986<\/a><\/span><\/li>\n<li><span style=\"font-family: georgia, palatino, serif; font-size: 10pt;\"><a href=\"ACTES\/ACTES_1987.pdf\">ACTES DU CONGR\u00c8S DE CAEN, 1987<\/a><\/span><\/li>\n<li><span style=\"font-family: georgia, palatino, serif; font-size: 10pt;\"><a href=\"ACTES\/ACTES_1988.pdf\">ACTES DU CONGR\u00c8S D&rsquo;ORANGE, 1988<\/a><\/span><\/li>\n<li><span style=\"font-family: georgia, palatino, serif; font-size: 10pt;\"><a href=\"ACTES\/ACTES_1989.pdf\">ACTES DU CONGR\u00c8S DE LEZOUX, 1989<\/a><\/span><\/li>\n<li><span style=\"font-family: georgia, palatino, serif; font-size: 10pt;\"><a href=\"ACTES\/ACTES_1990.pdf\">ACTES DU CONGR\u00c8S DE MANDEURE-MATHAY, 1990<\/a><\/span><\/li>\n<li><span style=\"font-size: 10pt; font-family: georgia, palatino, serif;\"><a href=\"ACTES\/ACTES_1991.pdf\">ACTES DU CONGR\u00c8S DE COGNAC, 1991<\/a><\/span><\/li>\n<li><span style=\"font-size: 10pt; font-family: georgia, palatino, serif;\"><a href=\"ACTES\/ACTES_1992.pdf\">ACTES DU CONGR\u00c8S DE TOURNAI, 1992 <\/a><\/span><\/li>\n<li><span style=\"font-size: 10pt; font-family: georgia, palatino, serif;\"><a href=\"ACTES\/ACTES_1993.pdf\">ACTES DU CONGR\u00c8S DE VERSAILLES, 1993<\/a><\/span><\/li>\n<li><span style=\"font-size: 10pt; font-family: georgia, palatino, serif;\"><a href=\"ACTES\/ACTES_1994.pdf\">ACTES DU CONGR\u00c8S DE MILLAU, 1994<\/a><\/span><\/li>\n<li><span style=\"font-size: 10pt; font-family: georgia, palatino, serif;\"><a href=\"ACTES\/ACTES_1995.pdf\">ACTES DU CONGR\u00c8S DE ROUEN, 1995<\/a><\/span><\/li>\n<li><span style=\"font-size: 10pt; font-family: georgia, palatino, serif;\"><a href=\"ACTES\/ACTES_1996.pdf\">ACTES DU CONGR\u00c8S DE DIJON, 1996 <\/a><\/span><\/li>\n<li><span style=\"font-size: 10pt; font-family: georgia, palatino, serif;\"><a href=\"ACTES\/ACTES_1997.pdf\">ACTES DU CONGR\u00c8S DU MANS, 1997<\/a><\/span><\/li>\n<li><span style=\"font-size: 10pt; font-family: georgia, palatino, serif;\"><a href=\"ACTES\/ACTES_1998.pdf\">ACTES DU CONGR\u00c8S D&rsquo;ISTRES, 1998<\/a><\/span><\/li>\n<li><span style=\"font-size: 10pt; font-family: georgia, palatino, serif;\"><a href=\"ACTES\/ACTES_1999.pdf\">ACTES DU CONGR\u00c8S DE FRIBOURG, 1999<\/a><\/span><\/li>\n<li><span style=\"font-size: 10pt;\"><a href=\"http:\/\/ACTES\/ACTES_2000.pdf\">ACTES DU CONGR\u00c8S DE LIBOURNE, 2000<\/a><\/span><\/li>\n<\/ul>\n<hr \/>\n<p><span style=\"font-size: 20px; color: #999999;\"><b>Actes disponibles (sommaires)<\/b><\/span><\/p>\n<ul>\n<li><a href=\"http:\/\/127.0.0.1\/wordpress\/?page_id=528\"><span style=\"font-family: georgia, palatino, serif;\"><span style=\"font-size: 14px;\"><span style=\"font-size: 10pt;\">ACTES DU CONGR\u00c8S DE LILLE-BAVAY, 2001<\/span><\/span><\/span><\/a><\/li>\n<li><span style=\"font-size: 10pt;\"><a href=\"http:\/\/127.0.0.1\/wordpress\/?page_id=535\"><span style=\"font-family: georgia, palatino, serif;\">ACTES DU CONGR\u00c8S DE BAYEUX, 2002<\/span><\/a><\/span><\/li>\n<li><span style=\"font-size: 10pt;\"><a href=\"http:\/\/127.0.0.1\/wordpress\/?page_id=540\"><span style=\"font-family: georgia, palatino, serif;\">ACTES DU CONGR\u00c8S DE SAINT-ROMAIN-EN-GAL, 2003<\/span><\/a><\/span><\/li>\n<li><span style=\"font-size: 10pt;\"><a href=\"http:\/\/127.0.0.1\/wordpress\/?page_id=542\"><span style=\"font-family: georgia, palatino, serif;\">ACTES DU CONGR\u00c8S DE VALLAURIS, 2004<\/span><\/a><\/span><\/li>\n<li><span style=\"font-size: 10pt;\"><a href=\"http:\/\/127.0.0.1\/wordpress\/?page_id=542\"><span style=\"font-family: georgia, palatino, serif;\">ACTES DU CONGR\u00c8S DE BLOIS, 2005<\/span><\/a><\/span><\/li>\n<li><span style=\"font-size: 10pt;\"><a href=\"http:\/\/127.0.0.1\/wordpress\/?page_id=553\"><span style=\"font-family: georgia, palatino, serif;\">ACTES DU CONGR\u00c8S DE P\u00c9ZENAS, 2006<\/span><\/a><\/span><\/li>\n<li><span style=\"font-family: georgia, palatino, serif; font-size: 10pt;\"><a href=\"http:\/\/127.0.0.1\/wordpress\/?page_id=556\">ACTES DU CONGR\u00c8S DE LANGRES, 2007<\/a> <\/span><\/li>\n<li><span style=\"font-size: 10pt;\"><a href=\"http:\/\/127.0.0.1\/wordpress\/?page_id=561\"><span style=\"font-family: georgia, palatino, serif;\">ACTES DU CONGR\u00c8S DE L&rsquo;ESCALA-EMPURI\u00c8S, 2008<\/span><\/a><\/span><\/li>\n<li><span style=\"font-size: 10pt;\"><a href=\"http:\/\/127.0.0.1\/wordpress\/?page_id=564\"><span style=\"font-family: georgia, palatino, serif;\">ACTES DU CONGR\u00c8S DE COLMAR, 2009<\/span><\/a><\/span><\/li>\n<li><span style=\"font-size: 10pt;\"><a href=\"http:\/\/127.0.0.1\/wordpress\/?page_id=564\"><span style=\"font-family: georgia, palatino, serif;\">ACTES DU CONGR\u00c8S DE CHELLES, 2010<\/span><\/a><\/span><\/li>\n<li><span style=\"font-size: 10pt; font-family: georgia, palatino, serif;\"><a href=\"http:\/\/127.0.0.1\/wordpress\/?page_id=576\">ACTES DU CONGR\u00c8S D&rsquo;ARLES, 2011<\/a> <\/span><\/li>\n<li><span style=\"font-size: 10pt;\"><a href=\"http:\/\/127.0.0.1\/wordpress\/?page_id=579\"><span style=\"font-family: georgia, palatino, serif;\">ACTES DU CONGR\u00c8S DE POITIERS, 2012<\/span><\/a><\/span><\/li>\n<li><span style=\"font-size: 10pt;\"><a href=\"http:\/\/127.0.0.1\/wordpress\/?page_id=582\"><span style=\"font-family: georgia, palatino, serif;\">ACTES DU CONGR\u00c8S D&rsquo;AMIENS, 2013<\/span><\/a><\/span><\/li>\n<li><span style=\"font-size: 10pt;\"><a href=\"http:\/\/127.0.0.1\/wordpress\/?page_id=585\"><span style=\"font-family: georgia, palatino, serif;\">ACTES DU CONGR\u00c8S DE CHARTRES, 2014<\/span><\/a><\/span><\/li>\n<li><span style=\"font-size: 10pt;\"><a href=\"http:\/\/127.0.0.1\/wordpress\/?page_id=588\"><span style=\"font-family: georgia, palatino, serif;\">ACTES DU CONGR\u00c8S DE NYON, 2015<\/span><\/a><\/span><\/li>\n<li><span style=\"font-size: 10pt;\"><a href=\"http:\/\/127.0.0.1\/wordpress\/?page_id=592\"><span style=\"font-family: georgia, palatino, serif;\">ACTES DU CONGR\u00c8S D&rsquo;AUTUN, 2016<\/span><\/a><\/span><\/li>\n<li><span style=\"font-size: 10pt;\"><a href=\"http:\/\/127.0.0.1\/wordpress\/?page_id=570\"><span style=\"font-family: georgia, palatino, serif;\">ACTES DU CONGR\u00c8S DE NARBONNE, 2017<\/span><\/a><\/span><\/li>\n<li><span style=\"font-size: 10pt;\"><a href=\"http:\/\/127.0.0.1\/wordpress\/?page_id=1040\"><span style=\"font-family: georgia, palatino, serif;\">ACTES DU CONGR\u00c8S DE REIMS, 2018<\/span><\/a><\/span><\/li>\n<li><span style=\"font-size: 10pt;\"><a href=\"http:\/\/127.0.0.1\/wordpress\/?page_id=2144\"><span style=\"font-family: georgia, palatino, serif;\">ACTES DU CONGR\u00c8S DE MAUBEUGE-BAVAY, 2019<\/span><\/a><\/span><\/li>\n<li><span style=\"font-size: 10pt;\"><a href=\"http:\/\/127.0.0.1\/wordpress\/?page_id=2129\">ACTES DU CONGR\u00c8S DE LYON, 2020<\/a><\/span><\/li>\n<li><span style=\"font-size: 10pt;\"><a href=\"http:\/\/127.0.0.1\/wordpress\/?page_id=2157\">ACTES DU CONGR\u00c8S D&rsquo;AUCH, 2021<\/a><\/span><\/li>\n<li><span style=\"font-size: 10pt;\"><a href=\"http:\/\/127.0.0.1\/wordpress\/?page_id=2462\">ACTES DU CONGR\u00c8S DE CLERMOND-FERRAND, 2022<\/a><\/span><\/li>\n<li><span style=\"font-size: 10pt;\"><a href=\"https:\/\/sfecag.org\/index.php\/sommaire-2023\/\">ACTES DU CONGR\u00c8S D&rsquo;HY\u00c8RES, 2023<\/a><\/span><\/li>\n<li><span style=\"font-size: 10pt;\"><a href=\"https:\/\/sfecag.org\/index.php\/sommaire-2024\/\">ACTES DU CONGR\u00c8S D&rsquo;ANGERS, 2024<\/a><\/span><\/li>\n<li><span style=\"font-size: 10pt;\"><a href=\"https:\/\/sfecag.org\/index.php\/sommaire-2025\/\">ACTES DU CONGR\u00c8S DE BRUXELLES, 2025<\/a><\/span><\/li>\n<\/ul>\n<hr \/>\n<p><span style=\"font-size: 20px;\"><strong> Les Suppl\u00e9ments de la Sf\u00e9cag<\/strong><\/span><\/p>\n<p><span style=\"font-size: 14px;\">Afin de faciliter la diffusion des r\u00e9sultats en mati\u00e8re de c\u00e9ramologie, la Sf\u00e9cag a cr\u00e9\u00e9 une collection de Suppl\u00e9ments destin\u00e9e \u00e0 la publication de travaux d&rsquo;un volume important (\u00e9tudes universitaires, synth\u00e8ses th\u00e9matiques, monographies, etc.) touchant \u00e0 l&rsquo;artisanat de la terre cuite, aussi bien sous l&rsquo;angle analytique que m\u00e9thodologique.<\/span><\/p>\n<ul>\n<li><span style=\"font-size: 14px;\"><a href=\"?page_id=515\" target=\"_blank\" rel=\"noopener noreferrer\"><strong><span style=\"font-size: 10pt;\">Suppl\u00e9ment 1<\/span><\/strong> <\/a><span style=\"font-size: 10pt;\">: Yves RIGOIR et Lucien RIVET, De la repr\u00e9sentation graphique des sigill\u00e9es, 1994<\/span><\/span><\/li>\n<li><span style=\"font-size: 10pt;\"><a href=\"?page_id=607\" target=\"_blank\" rel=\"noopener noreferrer\"><strong>Suppl\u00e9ment 2<\/strong><\/a> : Jean-Louis TILHARD, Les c\u00e9ramiques sigill\u00e9es du Haut-Empire \u00e0 Poitiers d&rsquo;apr\u00e8s les estampilles et les d\u00e9cors moul\u00e9s, 2004<\/span><\/li>\n<li><span style=\"font-size: 10pt;\"><a href=\"?page_id=614\" target=\"_blank\" rel=\"noopener noreferrer\"><strong>Suppl\u00e9ment 3<\/strong><\/a> : Odile LEBLANC, Les faci\u00e8s des c\u00e9ramiques communes de la maison des Dieux Oc\u00e9an \u00e0 Saint-Romain-en-Gal (Rh\u00f4ne) du I<sup>er<\/sup> si\u00e8cle avant J.-C. au III<sup>e<\/sup> si\u00e8cle apr\u00e8s J.-C., 2007<\/span><\/li>\n<\/ul>\n<\/td>\n<\/tr>\n<\/tbody>\n<\/table>\n<p>&nbsp;<\/p>\n<p>&nbsp;<\/p>\n","protected":false},"excerpt":{"rendered":"<p>LES PUBLICATIONS DE LA SFECAG Base de donn\u00e9es (recherche simple et recherche combin\u00e9e) Actes \u00e9puis\u00e9s (t\u00e9l\u00e9charger au format PDF) T\u00e9l\u00e9chargement \u00e9galement possible sur la page Academia de la Sf\u00e9cag ACTES DU CONGR\u00c8S DE REIMS, 1985 ACTES DU CONGR\u00c8S DE TOULOUSE, 1986 ACTES DU CONGR\u00c8S DE CAEN, 1987 ACTES DU CONGR\u00c8S D&rsquo;ORANGE, 1988 ACTES DU CONGR\u00c8S [&hellip;]<\/p>\n","protected":false},"author":1,"featured_media":0,"parent":0,"menu_order":2,"comment_status":"closed","ping_status":"closed","template":"","meta":{"footnotes":""},"class_list":["post-88","page","type-page","status-publish","hentry"],"_links":{"self":[{"href":"https:\/\/sfecag.org\/index.php\/wp-json\/wp\/v2\/pages\/88","targetHints":{"allow":["GET"]}}],"collection":[{"href":"https:\/\/sfecag.org\/index.php\/wp-json\/wp\/v2\/pages"}],"about":[{"href":"https:\/\/sfecag.org\/index.php\/wp-json\/wp\/v2\/types\/page"}],"author":[{"embeddable":true,"href":"https:\/\/sfecag.org\/index.php\/wp-json\/wp\/v2\/users\/1"}],"replies":[{"embeddable":true,"href":"https:\/\/sfecag.org\/index.php\/wp-json\/wp\/v2\/comments?post=88"}],"version-history":[{"count":8,"href":"https:\/\/sfecag.org\/index.php\/wp-json\/wp\/v2\/pages\/88\/revisions"}],"predecessor-version":[{"id":3218,"href":"https:\/\/sfecag.org\/index.php\/wp-json\/wp\/v2\/pages\/88\/revisions\/3218"}],"wp:attachment":[{"href":"https:\/\/sfecag.org\/index.php\/wp-json\/wp\/v2\/media?parent=88"}],"curies":[{"name":"wp","href":"https:\/\/api.w.org\/{rel}","templated":true}]}}